{"id":7479,"date":"2022-09-30T06:49:25","date_gmt":"2022-09-30T06:49:25","guid":{"rendered":"https:\/\/aquamarinespa.cz\/?page_id=7479"},"modified":"2024-11-04T14:29:03","modified_gmt":"2024-11-04T14:29:03","slug":"cena","status":"publish","type":"page","link":"https:\/\/aquamarinespa.cz\/sk\/cena\/","title":{"rendered":"Z\u00edska\u0165 detailn\u00fa cenov\u00fa ponuku"},"content":{"rendered":"<section class=\"section--catalogue section--light\">\n<div class=\"inner\">\n<h1 class=\"heading heading--bigger heading--center heading--black heading--underline\">Z\u00edska\u0165 detailn\u00fa cenov\u00fa ponuku<\/h1>\n<div class=\"row\">\n<div class=\"col-xs-12 col-sm-12 col-md-2 col-lg-2\"><\/div>\n<div class=\"col-xs-12 col-sm-12 col-md-8 col-lg-8\">\n<p class=\"paragraph paragraph--medium align-center margin-top--05x\"><strong> Po vyplnen\u00ed formul\u00e1ru v\u00e1m obratom za\u0161leme PDF s orienta\u010dn\u00fdmi cenami na\u0161\u00edch produktov.<\/strong>  <\/p>\n<p class=\"paragraph paragraph--medium align-center margin-top--05x\">Aby sme v\u00e1m mohli pripravi\u0165 presn\u00fa cenov\u00fa ponuku, op\u00ed\u0161te pros\u00edm \u010do najdetailnej\u0161ie \u0161pecifik\u00e1cie v\u00e1\u0161ho projektu. Pre pr\u00edpad, \u017ee by sme od v\u00e1s potrebovali z\u00edska\u0165 bli\u017e\u0161ie inform\u00e1cie, vypl\u0148te pros\u00edm aj pol\u00ed\u010dko telef\u00f3n alebo e-mail.<\/p>\n<\/p><\/div>\n<div class=\"col-xs-12 col-sm-12 col-md-2 col-lg-2\"><\/div><\/div>\n<div class=\"section--catalogue-form\">\n\t\t\t\t<span class=\"paragraph paragraph--medium section--catalogue-form-required-data input-required\">povinn\u00e9 pol\u00ed\u010dka<\/span><br \/>\n\t\t\t\t<div class=\"boost-space-forms\" id=\"bsf-id-30\"><\/div><script src=\"https:\/\/aquamarinespa.boost.space\/api\/custom_form.js?id=30&integrity=4e8a3a507745c5d0042dbd9bddc5c73f&el=bsf-id-30&callback=boostSpaceFormsInit&csubmit=boostSpaceFormsSuccessSubmit&lang=sk&v=0.4.9\" data-form=\"boost-space\"><\/script>\n\t\t\t<\/div><\/div>\n<p> <!-- .inner --><br \/>\n<\/section>\n<p> <!-- section products --><\/p>\n","protected":false},"excerpt":{"rendered":"Z\u00edska\u0165 detailn\u00fa cenov\u00fa ponuku Po vyplnen\u00ed formul\u00e1ru v\u00e1m obratom za\u0161leme PDF s orienta\u010dn\u00fdmi cenami na\u0161\u00edch produktov. Aby sme v\u00e1m mohli pripravi\u0165 presn\u00fa cenov\u00fa ponuku, op\u00ed\u0161te pros\u00edm \u010do najdetailnej\u0161ie \u0161pecifik\u00e1cie v\u00e1\u0161ho projektu. Pre pr\u00edpad, \u017ee by sme od v\u00e1s potrebovali z\u00edska\u0165 bli\u017e\u0161ie inform\u00e1cie, vypl\u0148te pros\u00edm aj pol\u00ed\u010dko telef\u00f3n alebo e-mail. povinn\u00e9 pol\u00ed\u010dka","protected":false},"author":1,"featured_media":0,"parent":0,"menu_order":0,"comment_status":"closed","ping_status":"closed","template":"","meta":{"_acf_changed":false,"footnotes":""},"class_list":["post-7479","page","type-page","status-publish","hentry"],"acf":[],"yoast_head":"<!-- This site is optimized with the Yoast SEO plugin v27.5 - https:\/\/yoast.com\/product\/yoast-seo-wordpress\/ -->\n<title>Z\u00edskajte podrobn\u00fa cenov\u00fa ponuku \u2248 Aquamarine Spa<\/title>\n<meta name=\"description\" content=\"Aby sme v\u00e1m mohli pripravi\u0165 presn\u00fa cenov\u00fa ponuku, op\u00ed\u0161te pros\u00edm \u010do najdetailnej\u0161ie \u0161pecifik\u00e1cie va\u0161ich po\u017eiadaviek.\" \/>\n<meta name=\"robots\" content=\"index, follow, max-snippet:-1, max-image-preview:large, max-video-preview:-1\" \/>\n<link rel=\"canonical\" href=\"https:\/\/aquamarinespa.cz\/sk\/cena\/\" \/>\n<meta property=\"og:locale\" content=\"sk_SK\" \/>\n<meta property=\"og:type\" content=\"article\" \/>\n<meta property=\"og:title\" content=\"Z\u00edskajte podrobn\u00fa cenov\u00fa ponuku \u2248 Aquamarine Spa\" \/>\n<meta property=\"og:description\" content=\"Aby sme v\u00e1m mohli pripravi\u0165 presn\u00fa cenov\u00fa ponuku, op\u00ed\u0161te pros\u00edm \u010do najdetailnej\u0161ie \u0161pecifik\u00e1cie va\u0161ich po\u017eiadaviek.\" \/>\n<meta property=\"og:url\" content=\"https:\/\/aquamarinespa.cz\/sk\/cena\/\" \/>\n<meta property=\"og:site_name\" content=\"Aquamarine Spa\" \/>\n<meta property=\"article:publisher\" content=\"https:\/\/www.facebook.com\/aquamarinespacz\/\" \/>\n<meta property=\"article:modified_time\" content=\"2024-11-04T14:29:03+00:00\" \/>\n<meta name=\"twitter:card\" content=\"summary_large_image\" \/>\n<meta name=\"twitter:label1\" content=\"Predpokladan\u00fd \u010das \u010d\u00edtania\" \/>\n\t<meta name=\"twitter:data1\" content=\"1 min\u00fata\" \/>\n<script type=\"application\/ld+json\" class=\"yoast-schema-graph\">{\"@context\":\"https:\\\/\\\/schema.org\",\"@graph\":[{\"@type\":\"WebPage\",\"@id\":\"https:\\\/\\\/aquamarinespa.cz\\\/sk\\\/cena\\\/\",\"url\":\"https:\\\/\\\/aquamarinespa.cz\\\/sk\\\/cena\\\/\",\"name\":\"Z\u00edskajte podrobn\u00fa cenov\u00fa ponuku \u2248 Aquamarine Spa\",\"isPartOf\":{\"@id\":\"https:\\\/\\\/aquamarinespa.cz\\\/sk\\\/#website\"},\"datePublished\":\"2022-09-30T06:49:25+00:00\",\"dateModified\":\"2024-11-04T14:29:03+00:00\",\"description\":\"Aby sme v\u00e1m mohli pripravi\u0165 presn\u00fa cenov\u00fa ponuku, op\u00ed\u0161te pros\u00edm \u010do najdetailnej\u0161ie \u0161pecifik\u00e1cie va\u0161ich po\u017eiadaviek.\",\"breadcrumb\":{\"@id\":\"https:\\\/\\\/aquamarinespa.cz\\\/sk\\\/cena\\\/#breadcrumb\"},\"inLanguage\":\"sk-SK\",\"potentialAction\":[{\"@type\":\"ReadAction\",\"target\":[\"https:\\\/\\\/aquamarinespa.cz\\\/sk\\\/cena\\\/\"]}]},{\"@type\":\"BreadcrumbList\",\"@id\":\"https:\\\/\\\/aquamarinespa.cz\\\/sk\\\/cena\\\/#breadcrumb\",\"itemListElement\":[{\"@type\":\"ListItem\",\"position\":1,\"name\":\"Home\",\"item\":\"https:\\\/\\\/aquamarinespa.cz\\\/sk\\\/\"},{\"@type\":\"ListItem\",\"position\":2,\"name\":\"Z\u00edska\u0165 detailn\u00fa cenov\u00fa ponuku\"}]},{\"@type\":\"WebSite\",\"@id\":\"https:\\\/\\\/aquamarinespa.cz\\\/sk\\\/#website\",\"url\":\"https:\\\/\\\/aquamarinespa.cz\\\/sk\\\/\",\"name\":\"Aquamarine Spa\",\"description\":\"Za\u017eite pocit dokonalosti\",\"publisher\":{\"@id\":\"https:\\\/\\\/aquamarinespa.cz\\\/sk\\\/#organization\"},\"potentialAction\":[{\"@type\":\"SearchAction\",\"target\":{\"@type\":\"EntryPoint\",\"urlTemplate\":\"https:\\\/\\\/aquamarinespa.cz\\\/sk\\\/?s={search_term_string}\"},\"query-input\":{\"@type\":\"PropertyValueSpecification\",\"valueRequired\":true,\"valueName\":\"search_term_string\"}}],\"inLanguage\":\"sk-SK\"},{\"@type\":\"Organization\",\"@id\":\"https:\\\/\\\/aquamarinespa.cz\\\/sk\\\/#organization\",\"name\":\"Aquamarine Spa\",\"url\":\"https:\\\/\\\/aquamarinespa.cz\\\/sk\\\/\",\"logo\":{\"@type\":\"ImageObject\",\"inLanguage\":\"sk-SK\",\"@id\":\"https:\\\/\\\/aquamarinespa.cz\\\/sk\\\/#\\\/schema\\\/logo\\\/image\\\/\",\"url\":\"https:\\\/\\\/aquamarinespa.cz\\\/wp-content\\\/uploads\\\/2021\\\/10\\\/aquamarinespa-logo.jpg\",\"contentUrl\":\"https:\\\/\\\/aquamarinespa.cz\\\/wp-content\\\/uploads\\\/2021\\\/10\\\/aquamarinespa-logo.jpg\",\"width\":1018,\"height\":499,\"caption\":\"Aquamarine Spa\"},\"image\":{\"@id\":\"https:\\\/\\\/aquamarinespa.cz\\\/sk\\\/#\\\/schema\\\/logo\\\/image\\\/\"},\"sameAs\":[\"https:\\\/\\\/www.facebook.com\\\/aquamarinespacz\\\/\",\"https:\\\/\\\/www.instagram.com\\\/aquamarinespacz\\\/\",\"https:\\\/\\\/cz.pinterest.com\\\/aquamarinespa\\\/_created\\\/\",\"https:\\\/\\\/www.youtube.com\\\/channel\\\/UCvQ2S0WBOTcT7OEAVfISYHg\"]}]}<\/script>\n<!-- \/ Yoast SEO plugin. -->","yoast_head_json":{"title":"Z\u00edskajte podrobn\u00fa cenov\u00fa ponuku \u2248 Aquamarine Spa","description":"Aby sme v\u00e1m mohli pripravi\u0165 presn\u00fa cenov\u00fa ponuku, op\u00ed\u0161te pros\u00edm \u010do najdetailnej\u0161ie \u0161pecifik\u00e1cie va\u0161ich po\u017eiadaviek.","robots":{"index":"index","follow":"follow","max-snippet":"max-snippet:-1","max-image-preview":"max-image-preview:large","max-video-preview":"max-video-preview:-1"},"canonical":"https:\/\/aquamarinespa.cz\/sk\/cena\/","og_locale":"sk_SK","og_type":"article","og_title":"Z\u00edskajte podrobn\u00fa cenov\u00fa ponuku \u2248 Aquamarine Spa","og_description":"Aby sme v\u00e1m mohli pripravi\u0165 presn\u00fa cenov\u00fa ponuku, op\u00ed\u0161te pros\u00edm \u010do najdetailnej\u0161ie \u0161pecifik\u00e1cie va\u0161ich po\u017eiadaviek.","og_url":"https:\/\/aquamarinespa.cz\/sk\/cena\/","og_site_name":"Aquamarine Spa","article_publisher":"https:\/\/www.facebook.com\/aquamarinespacz\/","article_modified_time":"2024-11-04T14:29:03+00:00","twitter_card":"summary_large_image","twitter_misc":{"Predpokladan\u00fd \u010das \u010d\u00edtania":"1 min\u00fata"},"schema":{"@context":"https:\/\/schema.org","@graph":[{"@type":"WebPage","@id":"https:\/\/aquamarinespa.cz\/sk\/cena\/","url":"https:\/\/aquamarinespa.cz\/sk\/cena\/","name":"Z\u00edskajte podrobn\u00fa cenov\u00fa ponuku \u2248 Aquamarine Spa","isPartOf":{"@id":"https:\/\/aquamarinespa.cz\/sk\/#website"},"datePublished":"2022-09-30T06:49:25+00:00","dateModified":"2024-11-04T14:29:03+00:00","description":"Aby sme v\u00e1m mohli pripravi\u0165 presn\u00fa cenov\u00fa ponuku, op\u00ed\u0161te pros\u00edm \u010do najdetailnej\u0161ie \u0161pecifik\u00e1cie va\u0161ich po\u017eiadaviek.","breadcrumb":{"@id":"https:\/\/aquamarinespa.cz\/sk\/cena\/#breadcrumb"},"inLanguage":"sk-SK","potentialAction":[{"@type":"ReadAction","target":["https:\/\/aquamarinespa.cz\/sk\/cena\/"]}]},{"@type":"BreadcrumbList","@id":"https:\/\/aquamarinespa.cz\/sk\/cena\/#breadcrumb","itemListElement":[{"@type":"ListItem","position":1,"name":"Home","item":"https:\/\/aquamarinespa.cz\/sk\/"},{"@type":"ListItem","position":2,"name":"Z\u00edska\u0165 detailn\u00fa cenov\u00fa ponuku"}]},{"@type":"WebSite","@id":"https:\/\/aquamarinespa.cz\/sk\/#website","url":"https:\/\/aquamarinespa.cz\/sk\/","name":"Aquamarine Spa","description":"Za\u017eite pocit dokonalosti","publisher":{"@id":"https:\/\/aquamarinespa.cz\/sk\/#organization"},"potentialAction":[{"@type":"SearchAction","target":{"@type":"EntryPoint","urlTemplate":"https:\/\/aquamarinespa.cz\/sk\/?s={search_term_string}"},"query-input":{"@type":"PropertyValueSpecification","valueRequired":true,"valueName":"search_term_string"}}],"inLanguage":"sk-SK"},{"@type":"Organization","@id":"https:\/\/aquamarinespa.cz\/sk\/#organization","name":"Aquamarine Spa","url":"https:\/\/aquamarinespa.cz\/sk\/","logo":{"@type":"ImageObject","inLanguage":"sk-SK","@id":"https:\/\/aquamarinespa.cz\/sk\/#\/schema\/logo\/image\/","url":"https:\/\/aquamarinespa.cz\/wp-content\/uploads\/2021\/10\/aquamarinespa-logo.jpg","contentUrl":"https:\/\/aquamarinespa.cz\/wp-content\/uploads\/2021\/10\/aquamarinespa-logo.jpg","width":1018,"height":499,"caption":"Aquamarine Spa"},"image":{"@id":"https:\/\/aquamarinespa.cz\/sk\/#\/schema\/logo\/image\/"},"sameAs":["https:\/\/www.facebook.com\/aquamarinespacz\/","https:\/\/www.instagram.com\/aquamarinespacz\/","https:\/\/cz.pinterest.com\/aquamarinespa\/_created\/","https:\/\/www.youtube.com\/channel\/UCvQ2S0WBOTcT7OEAVfISYHg"]}]}},"_links":{"self":[{"href":"https:\/\/aquamarinespa.cz\/sk\/wp-json\/wp\/v2\/pages\/7479","targetHints":{"allow":["GET"]}}],"collection":[{"href":"https:\/\/aquamarinespa.cz\/sk\/wp-json\/wp\/v2\/pages"}],"about":[{"href":"https:\/\/aquamarinespa.cz\/sk\/wp-json\/wp\/v2\/types\/page"}],"author":[{"embeddable":true,"href":"https:\/\/aquamarinespa.cz\/sk\/wp-json\/wp\/v2\/users\/1"}],"replies":[{"embeddable":true,"href":"https:\/\/aquamarinespa.cz\/sk\/wp-json\/wp\/v2\/comments?post=7479"}],"version-history":[{"count":5,"href":"https:\/\/aquamarinespa.cz\/sk\/wp-json\/wp\/v2\/pages\/7479\/revisions"}],"predecessor-version":[{"id":8625,"href":"https:\/\/aquamarinespa.cz\/sk\/wp-json\/wp\/v2\/pages\/7479\/revisions\/8625"}],"wp:attachment":[{"href":"https:\/\/aquamarinespa.cz\/sk\/wp-json\/wp\/v2\/media?parent=7479"}],"curies":[{"name":"wp","href":"https:\/\/api.w.org\/{rel}","templated":true}]}}