{"id":7292,"date":"2022-09-21T13:02:08","date_gmt":"2022-09-21T13:02:08","guid":{"rendered":"https:\/\/aquamarinespa.cz\/vyrobky\/projektovanie-wellness\/"},"modified":"2022-11-17T11:59:37","modified_gmt":"2022-11-17T11:59:37","slug":"projektovanie-wellness","status":"publish","type":"page","link":"https:\/\/aquamarinespa.cz\/sk\/vyrobky\/projektovanie-wellness\/","title":{"rendered":"Projektovanie wellness"},"content":{"rendered":"","protected":false},"excerpt":{"rendered":"","protected":false},"author":1,"featured_media":0,"parent":7251,"menu_order":0,"comment_status":"closed","ping_status":"closed","template":"products-wellness.php","meta":{"_acf_changed":false,"footnotes":""},"class_list":["post-7292","page","type-page","status-publish","hentry"],"acf":[],"yoast_head":"<!-- This site is optimized with the Yoast SEO plugin v27.3 - https:\/\/yoast.com\/product\/yoast-seo-wordpress\/ -->\n<title>Navrhovanie luxusn\u00e9ho wellnessu \u2248 Aquamarine Spa<\/title>\n<meta name=\"description\" content=\"Povedzte n\u00e1m o svojom n\u00e1pade a my v\u00e1m radi pom\u00f4\u017eeme s jeho realiz\u00e1ciou, \u010di u\u017e chcete len produkty alebo kompletn\u00fa realiz\u00e1ciu wellnessu.\" \/>\n<meta name=\"robots\" content=\"index, follow, max-snippet:-1, max-image-preview:large, max-video-preview:-1\" \/>\n<link rel=\"canonical\" href=\"https:\/\/aquamarinespa.cz\/sk\/vyrobky\/projektovanie-wellness\/\" \/>\n<meta property=\"og:locale\" content=\"sk_SK\" \/>\n<meta property=\"og:type\" content=\"article\" \/>\n<meta property=\"og:title\" content=\"Navrhovanie luxusn\u00e9ho wellnessu \u2248 Aquamarine Spa\" \/>\n<meta property=\"og:description\" content=\"Povedzte n\u00e1m o svojom n\u00e1pade a my v\u00e1m radi pom\u00f4\u017eeme s jeho realiz\u00e1ciou, \u010di u\u017e chcete len produkty alebo kompletn\u00fa realiz\u00e1ciu wellnessu.\" \/>\n<meta property=\"og:url\" content=\"https:\/\/aquamarinespa.cz\/sk\/vyrobky\/projektovanie-wellness\/\" \/>\n<meta property=\"og:site_name\" content=\"Aquamarine Spa\" \/>\n<meta property=\"article:publisher\" content=\"https:\/\/www.facebook.com\/aquamarinespacz\/\" \/>\n<meta property=\"article:modified_time\" content=\"2022-11-17T11:59:37+00:00\" \/>\n<meta name=\"twitter:card\" content=\"summary_large_image\" \/>\n<script type=\"application\/ld+json\" class=\"yoast-schema-graph\">{\"@context\":\"https:\\\/\\\/schema.org\",\"@graph\":[{\"@type\":\"WebPage\",\"@id\":\"https:\\\/\\\/aquamarinespa.cz\\\/sk\\\/vyrobky\\\/projektovanie-wellness\\\/\",\"url\":\"https:\\\/\\\/aquamarinespa.cz\\\/sk\\\/vyrobky\\\/projektovanie-wellness\\\/\",\"name\":\"Navrhovanie luxusn\u00e9ho wellnessu \u2248 Aquamarine Spa\",\"isPartOf\":{\"@id\":\"https:\\\/\\\/aquamarinespa.cz\\\/sk\\\/#website\"},\"datePublished\":\"2022-09-21T13:02:08+00:00\",\"dateModified\":\"2022-11-17T11:59:37+00:00\",\"description\":\"Povedzte n\u00e1m o svojom n\u00e1pade a my v\u00e1m radi pom\u00f4\u017eeme s jeho realiz\u00e1ciou, \u010di u\u017e chcete len produkty alebo kompletn\u00fa realiz\u00e1ciu wellnessu.\",\"breadcrumb\":{\"@id\":\"https:\\\/\\\/aquamarinespa.cz\\\/sk\\\/vyrobky\\\/projektovanie-wellness\\\/#breadcrumb\"},\"inLanguage\":\"sk-SK\",\"potentialAction\":[{\"@type\":\"ReadAction\",\"target\":[\"https:\\\/\\\/aquamarinespa.cz\\\/sk\\\/vyrobky\\\/projektovanie-wellness\\\/\"]}]},{\"@type\":\"BreadcrumbList\",\"@id\":\"https:\\\/\\\/aquamarinespa.cz\\\/sk\\\/vyrobky\\\/projektovanie-wellness\\\/#breadcrumb\",\"itemListElement\":[{\"@type\":\"ListItem\",\"position\":1,\"name\":\"Home\",\"item\":\"https:\\\/\\\/aquamarinespa.cz\\\/sk\\\/\"},{\"@type\":\"ListItem\",\"position\":2,\"name\":\"V\u00fdrobky\",\"item\":\"https:\\\/\\\/aquamarinespa.cz\\\/sk\\\/vyrobky\\\/\"},{\"@type\":\"ListItem\",\"position\":3,\"name\":\"Projektovanie wellness\"}]},{\"@type\":\"WebSite\",\"@id\":\"https:\\\/\\\/aquamarinespa.cz\\\/sk\\\/#website\",\"url\":\"https:\\\/\\\/aquamarinespa.cz\\\/sk\\\/\",\"name\":\"Aquamarine Spa\",\"description\":\"Za\u017eite pocit dokonalosti\",\"publisher\":{\"@id\":\"https:\\\/\\\/aquamarinespa.cz\\\/sk\\\/#organization\"},\"potentialAction\":[{\"@type\":\"SearchAction\",\"target\":{\"@type\":\"EntryPoint\",\"urlTemplate\":\"https:\\\/\\\/aquamarinespa.cz\\\/sk\\\/?s={search_term_string}\"},\"query-input\":{\"@type\":\"PropertyValueSpecification\",\"valueRequired\":true,\"valueName\":\"search_term_string\"}}],\"inLanguage\":\"sk-SK\"},{\"@type\":\"Organization\",\"@id\":\"https:\\\/\\\/aquamarinespa.cz\\\/sk\\\/#organization\",\"name\":\"Aquamarine Spa\",\"url\":\"https:\\\/\\\/aquamarinespa.cz\\\/sk\\\/\",\"logo\":{\"@type\":\"ImageObject\",\"inLanguage\":\"sk-SK\",\"@id\":\"https:\\\/\\\/aquamarinespa.cz\\\/sk\\\/#\\\/schema\\\/logo\\\/image\\\/\",\"url\":\"https:\\\/\\\/aquamarinespa.cz\\\/wp-content\\\/uploads\\\/2021\\\/10\\\/aquamarinespa-logo.jpg\",\"contentUrl\":\"https:\\\/\\\/aquamarinespa.cz\\\/wp-content\\\/uploads\\\/2021\\\/10\\\/aquamarinespa-logo.jpg\",\"width\":1018,\"height\":499,\"caption\":\"Aquamarine Spa\"},\"image\":{\"@id\":\"https:\\\/\\\/aquamarinespa.cz\\\/sk\\\/#\\\/schema\\\/logo\\\/image\\\/\"},\"sameAs\":[\"https:\\\/\\\/www.facebook.com\\\/aquamarinespacz\\\/\",\"https:\\\/\\\/www.instagram.com\\\/aquamarinespacz\\\/\",\"https:\\\/\\\/cz.pinterest.com\\\/aquamarinespa\\\/_created\\\/\",\"https:\\\/\\\/www.youtube.com\\\/channel\\\/UCvQ2S0WBOTcT7OEAVfISYHg\"]}]}<\/script>\n<!-- \/ Yoast SEO plugin. -->","yoast_head_json":{"title":"Navrhovanie luxusn\u00e9ho wellnessu \u2248 Aquamarine Spa","description":"Povedzte n\u00e1m o svojom n\u00e1pade a my v\u00e1m radi pom\u00f4\u017eeme s jeho realiz\u00e1ciou, \u010di u\u017e chcete len produkty alebo kompletn\u00fa realiz\u00e1ciu wellnessu.","robots":{"index":"index","follow":"follow","max-snippet":"max-snippet:-1","max-image-preview":"max-image-preview:large","max-video-preview":"max-video-preview:-1"},"canonical":"https:\/\/aquamarinespa.cz\/sk\/vyrobky\/projektovanie-wellness\/","og_locale":"sk_SK","og_type":"article","og_title":"Navrhovanie luxusn\u00e9ho wellnessu \u2248 Aquamarine Spa","og_description":"Povedzte n\u00e1m o svojom n\u00e1pade a my v\u00e1m radi pom\u00f4\u017eeme s jeho realiz\u00e1ciou, \u010di u\u017e chcete len produkty alebo kompletn\u00fa realiz\u00e1ciu wellnessu.","og_url":"https:\/\/aquamarinespa.cz\/sk\/vyrobky\/projektovanie-wellness\/","og_site_name":"Aquamarine Spa","article_publisher":"https:\/\/www.facebook.com\/aquamarinespacz\/","article_modified_time":"2022-11-17T11:59:37+00:00","twitter_card":"summary_large_image","schema":{"@context":"https:\/\/schema.org","@graph":[{"@type":"WebPage","@id":"https:\/\/aquamarinespa.cz\/sk\/vyrobky\/projektovanie-wellness\/","url":"https:\/\/aquamarinespa.cz\/sk\/vyrobky\/projektovanie-wellness\/","name":"Navrhovanie luxusn\u00e9ho wellnessu \u2248 Aquamarine Spa","isPartOf":{"@id":"https:\/\/aquamarinespa.cz\/sk\/#website"},"datePublished":"2022-09-21T13:02:08+00:00","dateModified":"2022-11-17T11:59:37+00:00","description":"Povedzte n\u00e1m o svojom n\u00e1pade a my v\u00e1m radi pom\u00f4\u017eeme s jeho realiz\u00e1ciou, \u010di u\u017e chcete len produkty alebo kompletn\u00fa realiz\u00e1ciu wellnessu.","breadcrumb":{"@id":"https:\/\/aquamarinespa.cz\/sk\/vyrobky\/projektovanie-wellness\/#breadcrumb"},"inLanguage":"sk-SK","potentialAction":[{"@type":"ReadAction","target":["https:\/\/aquamarinespa.cz\/sk\/vyrobky\/projektovanie-wellness\/"]}]},{"@type":"BreadcrumbList","@id":"https:\/\/aquamarinespa.cz\/sk\/vyrobky\/projektovanie-wellness\/#breadcrumb","itemListElement":[{"@type":"ListItem","position":1,"name":"Home","item":"https:\/\/aquamarinespa.cz\/sk\/"},{"@type":"ListItem","position":2,"name":"V\u00fdrobky","item":"https:\/\/aquamarinespa.cz\/sk\/vyrobky\/"},{"@type":"ListItem","position":3,"name":"Projektovanie wellness"}]},{"@type":"WebSite","@id":"https:\/\/aquamarinespa.cz\/sk\/#website","url":"https:\/\/aquamarinespa.cz\/sk\/","name":"Aquamarine Spa","description":"Za\u017eite pocit dokonalosti","publisher":{"@id":"https:\/\/aquamarinespa.cz\/sk\/#organization"},"potentialAction":[{"@type":"SearchAction","target":{"@type":"EntryPoint","urlTemplate":"https:\/\/aquamarinespa.cz\/sk\/?s={search_term_string}"},"query-input":{"@type":"PropertyValueSpecification","valueRequired":true,"valueName":"search_term_string"}}],"inLanguage":"sk-SK"},{"@type":"Organization","@id":"https:\/\/aquamarinespa.cz\/sk\/#organization","name":"Aquamarine Spa","url":"https:\/\/aquamarinespa.cz\/sk\/","logo":{"@type":"ImageObject","inLanguage":"sk-SK","@id":"https:\/\/aquamarinespa.cz\/sk\/#\/schema\/logo\/image\/","url":"https:\/\/aquamarinespa.cz\/wp-content\/uploads\/2021\/10\/aquamarinespa-logo.jpg","contentUrl":"https:\/\/aquamarinespa.cz\/wp-content\/uploads\/2021\/10\/aquamarinespa-logo.jpg","width":1018,"height":499,"caption":"Aquamarine Spa"},"image":{"@id":"https:\/\/aquamarinespa.cz\/sk\/#\/schema\/logo\/image\/"},"sameAs":["https:\/\/www.facebook.com\/aquamarinespacz\/","https:\/\/www.instagram.com\/aquamarinespacz\/","https:\/\/cz.pinterest.com\/aquamarinespa\/_created\/","https:\/\/www.youtube.com\/channel\/UCvQ2S0WBOTcT7OEAVfISYHg"]}]}},"_links":{"self":[{"href":"https:\/\/aquamarinespa.cz\/sk\/wp-json\/wp\/v2\/pages\/7292","targetHints":{"allow":["GET"]}}],"collection":[{"href":"https:\/\/aquamarinespa.cz\/sk\/wp-json\/wp\/v2\/pages"}],"about":[{"href":"https:\/\/aquamarinespa.cz\/sk\/wp-json\/wp\/v2\/types\/page"}],"author":[{"embeddable":true,"href":"https:\/\/aquamarinespa.cz\/sk\/wp-json\/wp\/v2\/users\/1"}],"replies":[{"embeddable":true,"href":"https:\/\/aquamarinespa.cz\/sk\/wp-json\/wp\/v2\/comments?post=7292"}],"version-history":[{"count":1,"href":"https:\/\/aquamarinespa.cz\/sk\/wp-json\/wp\/v2\/pages\/7292\/revisions"}],"predecessor-version":[{"id":7939,"href":"https:\/\/aquamarinespa.cz\/sk\/wp-json\/wp\/v2\/pages\/7292\/revisions\/7939"}],"up":[{"embeddable":true,"href":"https:\/\/aquamarinespa.cz\/sk\/wp-json\/wp\/v2\/pages\/7251"}],"wp:attachment":[{"href":"https:\/\/aquamarinespa.cz\/sk\/wp-json\/wp\/v2\/media?parent=7292"}],"curies":[{"name":"wp","href":"https:\/\/api.w.org\/{rel}","templated":true}]}}