{"id":7257,"date":"2022-09-21T12:24:35","date_gmt":"2022-09-21T12:24:35","guid":{"rendered":"https:\/\/aquamarinespa.cz\/bazeny-neo-granda\/"},"modified":"2024-09-18T14:36:56","modified_gmt":"2024-09-18T14:36:56","slug":"bazeny-neo-granda","status":"publish","type":"page","link":"https:\/\/aquamarinespa.cz\/sk\/vyrobky\/bazeny\/laminatove-bazeny-neo\/bazeny-neo-granda\/","title":{"rendered":"Baz\u00e9ny NEO GRANDA"},"content":{"rendered":"","protected":false},"excerpt":{"rendered":"","protected":false},"author":1,"featured_media":0,"parent":7267,"menu_order":0,"comment_status":"closed","ping_status":"closed","template":"products-pools-laminate-granda.php","meta":{"_acf_changed":false,"footnotes":""},"class_list":["post-7257","page","type-page","status-publish","hentry"],"acf":[],"yoast_head":"<!-- This site is optimized with the Yoast SEO plugin v27.3 - https:\/\/yoast.com\/product\/yoast-seo-wordpress\/ -->\n<title>Lamin\u00e1tov\u00e9 baz\u00e9ny AQUACOMET do 12 metrov \u2248 Aquamarine Spa<\/title>\n<meta name=\"description\" content=\"Lamin\u00e1tov\u00e9 baz\u00e9ny AQUACOMET s\u00fa skvelou vo\u013ebou pre v\u00e1\u0161 baz\u00e9n. Tento lamin\u00e1tov\u00fd baz\u00e9n m\u00f4\u017eete ma\u0165 s pr\u00edslu\u0161enstvom z nehrdzavej\u00facej ocele.\" \/>\n<meta name=\"robots\" content=\"index, follow, max-snippet:-1, max-image-preview:large, max-video-preview:-1\" \/>\n<link rel=\"canonical\" href=\"https:\/\/aquamarinespa.cz\/sk\/vyrobky\/bazeny\/laminatove-bazeny-neo\/bazeny-neo-granda\/\" \/>\n<meta property=\"og:locale\" content=\"sk_SK\" \/>\n<meta property=\"og:type\" content=\"article\" \/>\n<meta property=\"og:title\" content=\"Lamin\u00e1tov\u00e9 baz\u00e9ny AQUACOMET do 12 metrov \u2248 Aquamarine Spa\" \/>\n<meta property=\"og:description\" content=\"Lamin\u00e1tov\u00e9 baz\u00e9ny AQUACOMET s\u00fa skvelou vo\u013ebou pre v\u00e1\u0161 baz\u00e9n. Tento lamin\u00e1tov\u00fd baz\u00e9n m\u00f4\u017eete ma\u0165 s pr\u00edslu\u0161enstvom z nehrdzavej\u00facej ocele.\" \/>\n<meta property=\"og:url\" content=\"https:\/\/aquamarinespa.cz\/sk\/vyrobky\/bazeny\/laminatove-bazeny-neo\/bazeny-neo-granda\/\" \/>\n<meta property=\"og:site_name\" content=\"Aquamarine Spa\" \/>\n<meta property=\"article:publisher\" content=\"https:\/\/www.facebook.com\/aquamarinespacz\/\" \/>\n<meta property=\"article:modified_time\" content=\"2024-09-18T14:36:56+00:00\" \/>\n<meta name=\"twitter:card\" content=\"summary_large_image\" \/>\n<script type=\"application\/ld+json\" class=\"yoast-schema-graph\">{\"@context\":\"https:\\\/\\\/schema.org\",\"@graph\":[{\"@type\":\"WebPage\",\"@id\":\"https:\\\/\\\/aquamarinespa.cz\\\/sk\\\/vyrobky\\\/bazeny\\\/laminatove-bazeny-neo\\\/bazeny-neo-granda\\\/\",\"url\":\"https:\\\/\\\/aquamarinespa.cz\\\/sk\\\/vyrobky\\\/bazeny\\\/laminatove-bazeny-neo\\\/bazeny-neo-granda\\\/\",\"name\":\"Lamin\u00e1tov\u00e9 baz\u00e9ny AQUACOMET do 12 metrov \u2248 Aquamarine Spa\",\"isPartOf\":{\"@id\":\"https:\\\/\\\/aquamarinespa.cz\\\/sk\\\/#website\"},\"datePublished\":\"2022-09-21T12:24:35+00:00\",\"dateModified\":\"2024-09-18T14:36:56+00:00\",\"description\":\"Lamin\u00e1tov\u00e9 baz\u00e9ny AQUACOMET s\u00fa skvelou vo\u013ebou pre v\u00e1\u0161 baz\u00e9n. Tento lamin\u00e1tov\u00fd baz\u00e9n m\u00f4\u017eete ma\u0165 s pr\u00edslu\u0161enstvom z nehrdzavej\u00facej ocele.\",\"breadcrumb\":{\"@id\":\"https:\\\/\\\/aquamarinespa.cz\\\/sk\\\/vyrobky\\\/bazeny\\\/laminatove-bazeny-neo\\\/bazeny-neo-granda\\\/#breadcrumb\"},\"inLanguage\":\"sk-SK\",\"potentialAction\":[{\"@type\":\"ReadAction\",\"target\":[\"https:\\\/\\\/aquamarinespa.cz\\\/sk\\\/vyrobky\\\/bazeny\\\/laminatove-bazeny-neo\\\/bazeny-neo-granda\\\/\"]}]},{\"@type\":\"BreadcrumbList\",\"@id\":\"https:\\\/\\\/aquamarinespa.cz\\\/sk\\\/vyrobky\\\/bazeny\\\/laminatove-bazeny-neo\\\/bazeny-neo-granda\\\/#breadcrumb\",\"itemListElement\":[{\"@type\":\"ListItem\",\"position\":1,\"name\":\"Home\",\"item\":\"https:\\\/\\\/aquamarinespa.cz\\\/sk\\\/\"},{\"@type\":\"ListItem\",\"position\":2,\"name\":\"V\u00fdrobky\",\"item\":\"https:\\\/\\\/aquamarinespa.cz\\\/sk\\\/vyrobky\\\/\"},{\"@type\":\"ListItem\",\"position\":3,\"name\":\"Baz\u00e9ny\",\"item\":\"https:\\\/\\\/aquamarinespa.cz\\\/sk\\\/vyrobky\\\/bazeny\\\/\"},{\"@type\":\"ListItem\",\"position\":4,\"name\":\"Lamin\u00e1tov\u00e9 baz\u00e9ny NEO\",\"item\":\"https:\\\/\\\/aquamarinespa.cz\\\/sk\\\/vyrobky\\\/bazeny\\\/laminatove-bazeny-neo\\\/\"},{\"@type\":\"ListItem\",\"position\":5,\"name\":\"Baz\u00e9ny NEO GRANDA\"}]},{\"@type\":\"WebSite\",\"@id\":\"https:\\\/\\\/aquamarinespa.cz\\\/sk\\\/#website\",\"url\":\"https:\\\/\\\/aquamarinespa.cz\\\/sk\\\/\",\"name\":\"Aquamarine Spa\",\"description\":\"Za\u017eite pocit dokonalosti\",\"publisher\":{\"@id\":\"https:\\\/\\\/aquamarinespa.cz\\\/sk\\\/#organization\"},\"potentialAction\":[{\"@type\":\"SearchAction\",\"target\":{\"@type\":\"EntryPoint\",\"urlTemplate\":\"https:\\\/\\\/aquamarinespa.cz\\\/sk\\\/?s={search_term_string}\"},\"query-input\":{\"@type\":\"PropertyValueSpecification\",\"valueRequired\":true,\"valueName\":\"search_term_string\"}}],\"inLanguage\":\"sk-SK\"},{\"@type\":\"Organization\",\"@id\":\"https:\\\/\\\/aquamarinespa.cz\\\/sk\\\/#organization\",\"name\":\"Aquamarine Spa\",\"url\":\"https:\\\/\\\/aquamarinespa.cz\\\/sk\\\/\",\"logo\":{\"@type\":\"ImageObject\",\"inLanguage\":\"sk-SK\",\"@id\":\"https:\\\/\\\/aquamarinespa.cz\\\/sk\\\/#\\\/schema\\\/logo\\\/image\\\/\",\"url\":\"https:\\\/\\\/aquamarinespa.cz\\\/wp-content\\\/uploads\\\/2021\\\/10\\\/aquamarinespa-logo.jpg\",\"contentUrl\":\"https:\\\/\\\/aquamarinespa.cz\\\/wp-content\\\/uploads\\\/2021\\\/10\\\/aquamarinespa-logo.jpg\",\"width\":1018,\"height\":499,\"caption\":\"Aquamarine Spa\"},\"image\":{\"@id\":\"https:\\\/\\\/aquamarinespa.cz\\\/sk\\\/#\\\/schema\\\/logo\\\/image\\\/\"},\"sameAs\":[\"https:\\\/\\\/www.facebook.com\\\/aquamarinespacz\\\/\",\"https:\\\/\\\/www.instagram.com\\\/aquamarinespacz\\\/\",\"https:\\\/\\\/cz.pinterest.com\\\/aquamarinespa\\\/_created\\\/\",\"https:\\\/\\\/www.youtube.com\\\/channel\\\/UCvQ2S0WBOTcT7OEAVfISYHg\"]}]}<\/script>\n<!-- \/ Yoast SEO plugin. -->","yoast_head_json":{"title":"Lamin\u00e1tov\u00e9 baz\u00e9ny AQUACOMET do 12 metrov \u2248 Aquamarine Spa","description":"Lamin\u00e1tov\u00e9 baz\u00e9ny AQUACOMET s\u00fa skvelou vo\u013ebou pre v\u00e1\u0161 baz\u00e9n. Tento lamin\u00e1tov\u00fd baz\u00e9n m\u00f4\u017eete ma\u0165 s pr\u00edslu\u0161enstvom z nehrdzavej\u00facej ocele.","robots":{"index":"index","follow":"follow","max-snippet":"max-snippet:-1","max-image-preview":"max-image-preview:large","max-video-preview":"max-video-preview:-1"},"canonical":"https:\/\/aquamarinespa.cz\/sk\/vyrobky\/bazeny\/laminatove-bazeny-neo\/bazeny-neo-granda\/","og_locale":"sk_SK","og_type":"article","og_title":"Lamin\u00e1tov\u00e9 baz\u00e9ny AQUACOMET do 12 metrov \u2248 Aquamarine Spa","og_description":"Lamin\u00e1tov\u00e9 baz\u00e9ny AQUACOMET s\u00fa skvelou vo\u013ebou pre v\u00e1\u0161 baz\u00e9n. Tento lamin\u00e1tov\u00fd baz\u00e9n m\u00f4\u017eete ma\u0165 s pr\u00edslu\u0161enstvom z nehrdzavej\u00facej ocele.","og_url":"https:\/\/aquamarinespa.cz\/sk\/vyrobky\/bazeny\/laminatove-bazeny-neo\/bazeny-neo-granda\/","og_site_name":"Aquamarine Spa","article_publisher":"https:\/\/www.facebook.com\/aquamarinespacz\/","article_modified_time":"2024-09-18T14:36:56+00:00","twitter_card":"summary_large_image","schema":{"@context":"https:\/\/schema.org","@graph":[{"@type":"WebPage","@id":"https:\/\/aquamarinespa.cz\/sk\/vyrobky\/bazeny\/laminatove-bazeny-neo\/bazeny-neo-granda\/","url":"https:\/\/aquamarinespa.cz\/sk\/vyrobky\/bazeny\/laminatove-bazeny-neo\/bazeny-neo-granda\/","name":"Lamin\u00e1tov\u00e9 baz\u00e9ny AQUACOMET do 12 metrov \u2248 Aquamarine Spa","isPartOf":{"@id":"https:\/\/aquamarinespa.cz\/sk\/#website"},"datePublished":"2022-09-21T12:24:35+00:00","dateModified":"2024-09-18T14:36:56+00:00","description":"Lamin\u00e1tov\u00e9 baz\u00e9ny AQUACOMET s\u00fa skvelou vo\u013ebou pre v\u00e1\u0161 baz\u00e9n. Tento lamin\u00e1tov\u00fd baz\u00e9n m\u00f4\u017eete ma\u0165 s pr\u00edslu\u0161enstvom z nehrdzavej\u00facej ocele.","breadcrumb":{"@id":"https:\/\/aquamarinespa.cz\/sk\/vyrobky\/bazeny\/laminatove-bazeny-neo\/bazeny-neo-granda\/#breadcrumb"},"inLanguage":"sk-SK","potentialAction":[{"@type":"ReadAction","target":["https:\/\/aquamarinespa.cz\/sk\/vyrobky\/bazeny\/laminatove-bazeny-neo\/bazeny-neo-granda\/"]}]},{"@type":"BreadcrumbList","@id":"https:\/\/aquamarinespa.cz\/sk\/vyrobky\/bazeny\/laminatove-bazeny-neo\/bazeny-neo-granda\/#breadcrumb","itemListElement":[{"@type":"ListItem","position":1,"name":"Home","item":"https:\/\/aquamarinespa.cz\/sk\/"},{"@type":"ListItem","position":2,"name":"V\u00fdrobky","item":"https:\/\/aquamarinespa.cz\/sk\/vyrobky\/"},{"@type":"ListItem","position":3,"name":"Baz\u00e9ny","item":"https:\/\/aquamarinespa.cz\/sk\/vyrobky\/bazeny\/"},{"@type":"ListItem","position":4,"name":"Lamin\u00e1tov\u00e9 baz\u00e9ny NEO","item":"https:\/\/aquamarinespa.cz\/sk\/vyrobky\/bazeny\/laminatove-bazeny-neo\/"},{"@type":"ListItem","position":5,"name":"Baz\u00e9ny NEO GRANDA"}]},{"@type":"WebSite","@id":"https:\/\/aquamarinespa.cz\/sk\/#website","url":"https:\/\/aquamarinespa.cz\/sk\/","name":"Aquamarine Spa","description":"Za\u017eite pocit dokonalosti","publisher":{"@id":"https:\/\/aquamarinespa.cz\/sk\/#organization"},"potentialAction":[{"@type":"SearchAction","target":{"@type":"EntryPoint","urlTemplate":"https:\/\/aquamarinespa.cz\/sk\/?s={search_term_string}"},"query-input":{"@type":"PropertyValueSpecification","valueRequired":true,"valueName":"search_term_string"}}],"inLanguage":"sk-SK"},{"@type":"Organization","@id":"https:\/\/aquamarinespa.cz\/sk\/#organization","name":"Aquamarine Spa","url":"https:\/\/aquamarinespa.cz\/sk\/","logo":{"@type":"ImageObject","inLanguage":"sk-SK","@id":"https:\/\/aquamarinespa.cz\/sk\/#\/schema\/logo\/image\/","url":"https:\/\/aquamarinespa.cz\/wp-content\/uploads\/2021\/10\/aquamarinespa-logo.jpg","contentUrl":"https:\/\/aquamarinespa.cz\/wp-content\/uploads\/2021\/10\/aquamarinespa-logo.jpg","width":1018,"height":499,"caption":"Aquamarine Spa"},"image":{"@id":"https:\/\/aquamarinespa.cz\/sk\/#\/schema\/logo\/image\/"},"sameAs":["https:\/\/www.facebook.com\/aquamarinespacz\/","https:\/\/www.instagram.com\/aquamarinespacz\/","https:\/\/cz.pinterest.com\/aquamarinespa\/_created\/","https:\/\/www.youtube.com\/channel\/UCvQ2S0WBOTcT7OEAVfISYHg"]}]}},"_links":{"self":[{"href":"https:\/\/aquamarinespa.cz\/sk\/wp-json\/wp\/v2\/pages\/7257","targetHints":{"allow":["GET"]}}],"collection":[{"href":"https:\/\/aquamarinespa.cz\/sk\/wp-json\/wp\/v2\/pages"}],"about":[{"href":"https:\/\/aquamarinespa.cz\/sk\/wp-json\/wp\/v2\/types\/page"}],"author":[{"embeddable":true,"href":"https:\/\/aquamarinespa.cz\/sk\/wp-json\/wp\/v2\/users\/1"}],"replies":[{"embeddable":true,"href":"https:\/\/aquamarinespa.cz\/sk\/wp-json\/wp\/v2\/comments?post=7257"}],"version-history":[{"count":1,"href":"https:\/\/aquamarinespa.cz\/sk\/wp-json\/wp\/v2\/pages\/7257\/revisions"}],"predecessor-version":[{"id":7979,"href":"https:\/\/aquamarinespa.cz\/sk\/wp-json\/wp\/v2\/pages\/7257\/revisions\/7979"}],"up":[{"embeddable":true,"href":"https:\/\/aquamarinespa.cz\/sk\/wp-json\/wp\/v2\/pages\/7267"}],"wp:attachment":[{"href":"https:\/\/aquamarinespa.cz\/sk\/wp-json\/wp\/v2\/media?parent=7257"}],"curies":[{"name":"wp","href":"https:\/\/api.w.org\/{rel}","templated":true}]}}