{"id":10347,"date":"2024-03-06T19:46:25","date_gmt":"2024-03-06T19:46:25","guid":{"rendered":"https:\/\/aquamarinespa.cz\/?page_id=10347"},"modified":"2025-07-31T11:55:56","modified_gmt":"2025-07-31T11:55:56","slug":"stiahnut-cennik-viriviek","status":"publish","type":"page","link":"https:\/\/aquamarinespa.cz\/sk\/stiahnut-cennik-viriviek\/","title":{"rendered":"Stiahnu\u0165 cenn\u00edk v\u00edriviek"},"content":{"rendered":"<section class=\"section--catalogue section--light\">\n<div class=\"inner\">\n<h1 class=\"heading heading--bigger heading--center heading--black heading--underline\">Stiahnu\u0165 cenn\u00edk v\u00edriviek<\/h1>\n<div class=\"col-12 catalogue-download-button-margin margin-top--05x\"><a class=\"button button--small button--arrow button--shadow\" href=\"https:\/\/aquamarinespa.cz\/wp-content\/uploads\/2025\/07\/Cennik-viriviek-SK_online_Portcril.pdf\" rel=\"noopener noreferrer\" download=\"cenn\u00edk v\u00edriviek\">Stiahnu\u0165 cenn\u00edk v\u00edriviek<\/a><\/div>\n<div class=\"row\">\n<div class=\"col-xs-12 col-sm-12 col-md-2 col-lg-2\"><\/div>\n<div class=\"col-xs-12 col-sm-12 col-md-8 col-lg-8\"><\/div>\n<div class=\"col-xs-12 col-sm-12 col-md-2 col-lg-2\"><\/div>\n<\/div>\n<div style=\"position: relative; padding-top: max(60%,326px); height: 0; width: 100%;\"><iframe style=\"position: absolute; border: none; width: 100%; height: 100%; left: 0; right: 0; top: 0; bottom: 0;\" src=\"https:\/\/e.issuu.com\/embed.html?d=cenn_k_v_riviek_aquamarine_spa_sk_jednostrann_&amp;u=aquamarinespamarketing\" sandbox=\"allow-top-navigation allow-top-navigation-by-user-activation allow-downloads allow-scripts allow-same-origin allow-popups allow-modals allow-popups-to-escape-sandbox allow-forms\" allowfullscreen=\"allowfullscreen\"><\/iframe><\/div>\n<\/div>\n<p><!-- .inner --><\/p>\n<\/section>\n<p><!-- section products --><\/p>\n","protected":false},"excerpt":{"rendered":"Stiahnu\u0165 cenn\u00edk v\u00edriviek Stiahnu\u0165 cenn\u00edk v\u00edriviek","protected":false},"author":12,"featured_media":0,"parent":0,"menu_order":0,"comment_status":"closed","ping_status":"closed","template":"","meta":{"_acf_changed":false,"footnotes":""},"class_list":["post-10347","page","type-page","status-publish","hentry"],"acf":[],"yoast_head":"<!-- This site is optimized with the Yoast SEO plugin v27.3 - https:\/\/yoast.com\/product\/yoast-seo-wordpress\/ -->\n<title>Stiahnu\u0165 cenn\u00edk v\u00edriviek | Aquamarine Spa<\/title>\n<meta name=\"robots\" content=\"index, follow, max-snippet:-1, max-image-preview:large, max-video-preview:-1\" \/>\n<link rel=\"canonical\" href=\"https:\/\/aquamarinespa.cz\/sk\/stiahnut-cennik-viriviek\/\" \/>\n<meta property=\"og:locale\" content=\"sk_SK\" \/>\n<meta property=\"og:type\" content=\"article\" \/>\n<meta property=\"og:title\" content=\"Stiahnu\u0165 cenn\u00edk v\u00edriviek | Aquamarine Spa\" \/>\n<meta property=\"og:description\" content=\"Stiahnu\u0165 cenn\u00edk v\u00edriviek Stiahnu\u0165 cenn\u00edk v\u00edriviek\" \/>\n<meta property=\"og:url\" content=\"https:\/\/aquamarinespa.cz\/sk\/stiahnut-cennik-viriviek\/\" \/>\n<meta property=\"og:site_name\" content=\"Aquamarine Spa\" \/>\n<meta property=\"article:publisher\" content=\"https:\/\/www.facebook.com\/aquamarinespacz\/\" \/>\n<meta property=\"article:modified_time\" content=\"2025-07-31T11:55:56+00:00\" \/>\n<meta name=\"twitter:card\" content=\"summary_large_image\" \/>\n<meta name=\"twitter:label1\" content=\"Predpokladan\u00fd \u010das \u010d\u00edtania\" \/>\n\t<meta name=\"twitter:data1\" content=\"1 min\u00fata\" \/>\n<script type=\"application\/ld+json\" class=\"yoast-schema-graph\">{\"@context\":\"https:\\\/\\\/schema.org\",\"@graph\":[{\"@type\":\"WebPage\",\"@id\":\"https:\\\/\\\/aquamarinespa.cz\\\/sk\\\/stiahnut-cennik-viriviek\\\/\",\"url\":\"https:\\\/\\\/aquamarinespa.cz\\\/sk\\\/stiahnut-cennik-viriviek\\\/\",\"name\":\"Stiahnu\u0165 cenn\u00edk v\u00edriviek | Aquamarine Spa\",\"isPartOf\":{\"@id\":\"https:\\\/\\\/aquamarinespa.cz\\\/sk\\\/#website\"},\"datePublished\":\"2024-03-06T19:46:25+00:00\",\"dateModified\":\"2025-07-31T11:55:56+00:00\",\"breadcrumb\":{\"@id\":\"https:\\\/\\\/aquamarinespa.cz\\\/sk\\\/stiahnut-cennik-viriviek\\\/#breadcrumb\"},\"inLanguage\":\"sk-SK\",\"potentialAction\":[{\"@type\":\"ReadAction\",\"target\":[\"https:\\\/\\\/aquamarinespa.cz\\\/sk\\\/stiahnut-cennik-viriviek\\\/\"]}]},{\"@type\":\"BreadcrumbList\",\"@id\":\"https:\\\/\\\/aquamarinespa.cz\\\/sk\\\/stiahnut-cennik-viriviek\\\/#breadcrumb\",\"itemListElement\":[{\"@type\":\"ListItem\",\"position\":1,\"name\":\"Home\",\"item\":\"https:\\\/\\\/aquamarinespa.cz\\\/sk\\\/\"},{\"@type\":\"ListItem\",\"position\":2,\"name\":\"Stiahnu\u0165 cenn\u00edk v\u00edriviek\"}]},{\"@type\":\"WebSite\",\"@id\":\"https:\\\/\\\/aquamarinespa.cz\\\/sk\\\/#website\",\"url\":\"https:\\\/\\\/aquamarinespa.cz\\\/sk\\\/\",\"name\":\"Aquamarine Spa\",\"description\":\"Za\u017eite pocit dokonalosti\",\"publisher\":{\"@id\":\"https:\\\/\\\/aquamarinespa.cz\\\/sk\\\/#organization\"},\"potentialAction\":[{\"@type\":\"SearchAction\",\"target\":{\"@type\":\"EntryPoint\",\"urlTemplate\":\"https:\\\/\\\/aquamarinespa.cz\\\/sk\\\/?s={search_term_string}\"},\"query-input\":{\"@type\":\"PropertyValueSpecification\",\"valueRequired\":true,\"valueName\":\"search_term_string\"}}],\"inLanguage\":\"sk-SK\"},{\"@type\":\"Organization\",\"@id\":\"https:\\\/\\\/aquamarinespa.cz\\\/sk\\\/#organization\",\"name\":\"Aquamarine Spa\",\"url\":\"https:\\\/\\\/aquamarinespa.cz\\\/sk\\\/\",\"logo\":{\"@type\":\"ImageObject\",\"inLanguage\":\"sk-SK\",\"@id\":\"https:\\\/\\\/aquamarinespa.cz\\\/sk\\\/#\\\/schema\\\/logo\\\/image\\\/\",\"url\":\"https:\\\/\\\/aquamarinespa.cz\\\/wp-content\\\/uploads\\\/2021\\\/10\\\/aquamarinespa-logo.jpg\",\"contentUrl\":\"https:\\\/\\\/aquamarinespa.cz\\\/wp-content\\\/uploads\\\/2021\\\/10\\\/aquamarinespa-logo.jpg\",\"width\":1018,\"height\":499,\"caption\":\"Aquamarine Spa\"},\"image\":{\"@id\":\"https:\\\/\\\/aquamarinespa.cz\\\/sk\\\/#\\\/schema\\\/logo\\\/image\\\/\"},\"sameAs\":[\"https:\\\/\\\/www.facebook.com\\\/aquamarinespacz\\\/\",\"https:\\\/\\\/www.instagram.com\\\/aquamarinespacz\\\/\",\"https:\\\/\\\/cz.pinterest.com\\\/aquamarinespa\\\/_created\\\/\",\"https:\\\/\\\/www.youtube.com\\\/channel\\\/UCvQ2S0WBOTcT7OEAVfISYHg\"]}]}<\/script>\n<!-- \/ Yoast SEO plugin. -->","yoast_head_json":{"title":"Stiahnu\u0165 cenn\u00edk v\u00edriviek | Aquamarine Spa","robots":{"index":"index","follow":"follow","max-snippet":"max-snippet:-1","max-image-preview":"max-image-preview:large","max-video-preview":"max-video-preview:-1"},"canonical":"https:\/\/aquamarinespa.cz\/sk\/stiahnut-cennik-viriviek\/","og_locale":"sk_SK","og_type":"article","og_title":"Stiahnu\u0165 cenn\u00edk v\u00edriviek | Aquamarine Spa","og_description":"Stiahnu\u0165 cenn\u00edk v\u00edriviek Stiahnu\u0165 cenn\u00edk v\u00edriviek","og_url":"https:\/\/aquamarinespa.cz\/sk\/stiahnut-cennik-viriviek\/","og_site_name":"Aquamarine Spa","article_publisher":"https:\/\/www.facebook.com\/aquamarinespacz\/","article_modified_time":"2025-07-31T11:55:56+00:00","twitter_card":"summary_large_image","twitter_misc":{"Predpokladan\u00fd \u010das \u010d\u00edtania":"1 min\u00fata"},"schema":{"@context":"https:\/\/schema.org","@graph":[{"@type":"WebPage","@id":"https:\/\/aquamarinespa.cz\/sk\/stiahnut-cennik-viriviek\/","url":"https:\/\/aquamarinespa.cz\/sk\/stiahnut-cennik-viriviek\/","name":"Stiahnu\u0165 cenn\u00edk v\u00edriviek | Aquamarine Spa","isPartOf":{"@id":"https:\/\/aquamarinespa.cz\/sk\/#website"},"datePublished":"2024-03-06T19:46:25+00:00","dateModified":"2025-07-31T11:55:56+00:00","breadcrumb":{"@id":"https:\/\/aquamarinespa.cz\/sk\/stiahnut-cennik-viriviek\/#breadcrumb"},"inLanguage":"sk-SK","potentialAction":[{"@type":"ReadAction","target":["https:\/\/aquamarinespa.cz\/sk\/stiahnut-cennik-viriviek\/"]}]},{"@type":"BreadcrumbList","@id":"https:\/\/aquamarinespa.cz\/sk\/stiahnut-cennik-viriviek\/#breadcrumb","itemListElement":[{"@type":"ListItem","position":1,"name":"Home","item":"https:\/\/aquamarinespa.cz\/sk\/"},{"@type":"ListItem","position":2,"name":"Stiahnu\u0165 cenn\u00edk v\u00edriviek"}]},{"@type":"WebSite","@id":"https:\/\/aquamarinespa.cz\/sk\/#website","url":"https:\/\/aquamarinespa.cz\/sk\/","name":"Aquamarine Spa","description":"Za\u017eite pocit dokonalosti","publisher":{"@id":"https:\/\/aquamarinespa.cz\/sk\/#organization"},"potentialAction":[{"@type":"SearchAction","target":{"@type":"EntryPoint","urlTemplate":"https:\/\/aquamarinespa.cz\/sk\/?s={search_term_string}"},"query-input":{"@type":"PropertyValueSpecification","valueRequired":true,"valueName":"search_term_string"}}],"inLanguage":"sk-SK"},{"@type":"Organization","@id":"https:\/\/aquamarinespa.cz\/sk\/#organization","name":"Aquamarine Spa","url":"https:\/\/aquamarinespa.cz\/sk\/","logo":{"@type":"ImageObject","inLanguage":"sk-SK","@id":"https:\/\/aquamarinespa.cz\/sk\/#\/schema\/logo\/image\/","url":"https:\/\/aquamarinespa.cz\/wp-content\/uploads\/2021\/10\/aquamarinespa-logo.jpg","contentUrl":"https:\/\/aquamarinespa.cz\/wp-content\/uploads\/2021\/10\/aquamarinespa-logo.jpg","width":1018,"height":499,"caption":"Aquamarine Spa"},"image":{"@id":"https:\/\/aquamarinespa.cz\/sk\/#\/schema\/logo\/image\/"},"sameAs":["https:\/\/www.facebook.com\/aquamarinespacz\/","https:\/\/www.instagram.com\/aquamarinespacz\/","https:\/\/cz.pinterest.com\/aquamarinespa\/_created\/","https:\/\/www.youtube.com\/channel\/UCvQ2S0WBOTcT7OEAVfISYHg"]}]}},"_links":{"self":[{"href":"https:\/\/aquamarinespa.cz\/sk\/wp-json\/wp\/v2\/pages\/10347","targetHints":{"allow":["GET"]}}],"collection":[{"href":"https:\/\/aquamarinespa.cz\/sk\/wp-json\/wp\/v2\/pages"}],"about":[{"href":"https:\/\/aquamarinespa.cz\/sk\/wp-json\/wp\/v2\/types\/page"}],"author":[{"embeddable":true,"href":"https:\/\/aquamarinespa.cz\/sk\/wp-json\/wp\/v2\/users\/12"}],"replies":[{"embeddable":true,"href":"https:\/\/aquamarinespa.cz\/sk\/wp-json\/wp\/v2\/comments?post=10347"}],"version-history":[{"count":7,"href":"https:\/\/aquamarinespa.cz\/sk\/wp-json\/wp\/v2\/pages\/10347\/revisions"}],"predecessor-version":[{"id":16909,"href":"https:\/\/aquamarinespa.cz\/sk\/wp-json\/wp\/v2\/pages\/10347\/revisions\/16909"}],"wp:attachment":[{"href":"https:\/\/aquamarinespa.cz\/sk\/wp-json\/wp\/v2\/media?parent=10347"}],"curies":[{"name":"wp","href":"https:\/\/api.w.org\/{rel}","templated":true}]}}