{"id":8520,"date":"2023-05-02T09:47:56","date_gmt":"2023-05-02T09:47:56","guid":{"rendered":"https:\/\/aquamarinespa.cz\/stazeni-podkladu\/"},"modified":"2024-11-04T14:24:04","modified_gmt":"2024-11-04T14:24:04","slug":"documents-for-download","status":"publish","type":"page","link":"https:\/\/aquamarinespa.cz\/en\/documents-for-download\/","title":{"rendered":"Sta\u017een\u00ed podklad\u016f"},"content":{"rendered":"<section class=\"section--catalogue section--light\">\n<div class=\"inner\">\n<h1 class=\"heading heading--bigger heading--center heading--black heading--underline\">Documents for download<\/h1>\n<div class=\"row\">\n<div class=\"col-xs-12 col-sm-12 col-md-2 col-lg-2\"><\/div>\n<div class=\"col-xs-12 col-sm-12 col-md-8 col-lg-8\">\n<p class=\"catalogoue-strong paragraph paragraph--medium align-center margin-top--05x\">Get a sample set of documents for pools, saunas, hot tubs, or complete commercial and private wellness projects. <strong> After filling out the form, you will receive an email from us with a link to download the documents electronically. <\/strong><\/p>\n<\/p><\/div>\n<div class=\"col-xs-12 col-sm-12 col-md-2 col-lg-2\"><\/div><\/div>\n<div class=\"section--catalogue-form\">\n\t\t\t\t<span class=\"paragraph paragraph--medium section--catalogue-form-required-data input-required\">povinn\u00e9 \u00fadaje<\/span><br \/>\n\t\t\t\t<div class=\"boost-space-forms\" id=\"bsf-id-33\"><\/div><script src=\"https:\/\/aquamarinespa.boost.space\/api\/custom_form.js?id=33&integrity=b3cbf88d69888322cb5342155e99692d&el=bsf-id-33&callback=boostSpaceFormsInit&csubmit=boostSpaceFormsSuccessSubmit&lang=en&v=0.4.9\" data-form=\"boost-space\"><\/script>\n\t\t\t<\/div><\/div>\n<p> <!-- .inner --><br \/>\n<\/section>\n<p> <!-- section products --><\/p>\n","protected":false},"excerpt":{"rendered":"Documents for download Get a sample set of documents for pools, saunas, hot tubs, or complete commercial and private wellness projects. After filling out the form, you will receive an email from us with a link to download the documents electronically. povinn\u00e9 \u00fadaje","protected":false},"author":12,"featured_media":0,"parent":0,"menu_order":0,"comment_status":"closed","ping_status":"closed","template":"","meta":{"_acf_changed":false,"footnotes":""},"class_list":["post-8520","page","type-page","status-publish","hentry"],"acf":[],"yoast_head":"<!-- This site is optimized with the Yoast SEO plugin v27.3 - https:\/\/yoast.com\/product\/yoast-seo-wordpress\/ -->\n<title>Documents for download | Aquamarine Spa<\/title>\n<meta name=\"robots\" content=\"index, follow, max-snippet:-1, max-image-preview:large, max-video-preview:-1\" \/>\n<link rel=\"canonical\" href=\"https:\/\/aquamarinespa.cz\/en\/documents-for-download\/\" \/>\n<meta property=\"og:locale\" content=\"en_US\" \/>\n<meta property=\"og:type\" content=\"article\" \/>\n<meta property=\"og:title\" content=\"Documents for download | Aquamarine Spa\" \/>\n<meta property=\"og:description\" content=\"Documents for download Get a sample set of documents for pools, saunas, hot tubs, or complete commercial and private wellness projects. After filling out the form, you will receive an email from us with a link to download the documents electronically. povinn\u00e9 \u00fadaje\" \/>\n<meta property=\"og:url\" content=\"https:\/\/aquamarinespa.cz\/en\/documents-for-download\/\" \/>\n<meta property=\"og:site_name\" content=\"Aquamarine Spa\" \/>\n<meta property=\"article:publisher\" content=\"https:\/\/www.facebook.com\/aquamarinespacz\/\" \/>\n<meta property=\"article:modified_time\" content=\"2024-11-04T14:24:04+00:00\" \/>\n<meta name=\"twitter:card\" content=\"summary_large_image\" \/>\n<meta name=\"twitter:label1\" content=\"Est. reading time\" \/>\n\t<meta name=\"twitter:data1\" content=\"1 minute\" \/>\n<script type=\"application\/ld+json\" class=\"yoast-schema-graph\">{\"@context\":\"https:\\\/\\\/schema.org\",\"@graph\":[{\"@type\":\"WebPage\",\"@id\":\"https:\\\/\\\/aquamarinespa.cz\\\/en\\\/documents-for-download\\\/\",\"url\":\"https:\\\/\\\/aquamarinespa.cz\\\/en\\\/documents-for-download\\\/\",\"name\":\"Documents for download | Aquamarine Spa\",\"isPartOf\":{\"@id\":\"https:\\\/\\\/aquamarinespa.cz\\\/en\\\/#website\"},\"datePublished\":\"2023-05-02T09:47:56+00:00\",\"dateModified\":\"2024-11-04T14:24:04+00:00\",\"breadcrumb\":{\"@id\":\"https:\\\/\\\/aquamarinespa.cz\\\/en\\\/documents-for-download\\\/#breadcrumb\"},\"inLanguage\":\"en-US\",\"potentialAction\":[{\"@type\":\"ReadAction\",\"target\":[\"https:\\\/\\\/aquamarinespa.cz\\\/en\\\/documents-for-download\\\/\"]}]},{\"@type\":\"BreadcrumbList\",\"@id\":\"https:\\\/\\\/aquamarinespa.cz\\\/en\\\/documents-for-download\\\/#breadcrumb\",\"itemListElement\":[{\"@type\":\"ListItem\",\"position\":1,\"name\":\"Home\",\"item\":\"https:\\\/\\\/aquamarinespa.cz\\\/en\\\/\"},{\"@type\":\"ListItem\",\"position\":2,\"name\":\"Sta\u017een\u00ed podklad\u016f\"}]},{\"@type\":\"WebSite\",\"@id\":\"https:\\\/\\\/aquamarinespa.cz\\\/en\\\/#website\",\"url\":\"https:\\\/\\\/aquamarinespa.cz\\\/en\\\/\",\"name\":\"Aquamarine Spa\",\"description\":\"Experience the feeling of perfection\",\"publisher\":{\"@id\":\"https:\\\/\\\/aquamarinespa.cz\\\/en\\\/#organization\"},\"potentialAction\":[{\"@type\":\"SearchAction\",\"target\":{\"@type\":\"EntryPoint\",\"urlTemplate\":\"https:\\\/\\\/aquamarinespa.cz\\\/en\\\/?s={search_term_string}\"},\"query-input\":{\"@type\":\"PropertyValueSpecification\",\"valueRequired\":true,\"valueName\":\"search_term_string\"}}],\"inLanguage\":\"en-US\"},{\"@type\":\"Organization\",\"@id\":\"https:\\\/\\\/aquamarinespa.cz\\\/en\\\/#organization\",\"name\":\"Aquamarine Spa\",\"url\":\"https:\\\/\\\/aquamarinespa.cz\\\/en\\\/\",\"logo\":{\"@type\":\"ImageObject\",\"inLanguage\":\"en-US\",\"@id\":\"https:\\\/\\\/aquamarinespa.cz\\\/en\\\/#\\\/schema\\\/logo\\\/image\\\/\",\"url\":\"https:\\\/\\\/aquamarinespa.cz\\\/wp-content\\\/uploads\\\/2021\\\/10\\\/aquamarinespa-logo.jpg\",\"contentUrl\":\"https:\\\/\\\/aquamarinespa.cz\\\/wp-content\\\/uploads\\\/2021\\\/10\\\/aquamarinespa-logo.jpg\",\"width\":1018,\"height\":499,\"caption\":\"Aquamarine Spa\"},\"image\":{\"@id\":\"https:\\\/\\\/aquamarinespa.cz\\\/en\\\/#\\\/schema\\\/logo\\\/image\\\/\"},\"sameAs\":[\"https:\\\/\\\/www.facebook.com\\\/aquamarinespacz\\\/\",\"https:\\\/\\\/www.instagram.com\\\/aquamarinespacz\\\/\",\"https:\\\/\\\/cz.pinterest.com\\\/aquamarinespa\\\/_created\\\/\",\"https:\\\/\\\/www.youtube.com\\\/channel\\\/UCvQ2S0WBOTcT7OEAVfISYHg\"]}]}<\/script>\n<!-- \/ Yoast SEO plugin. -->","yoast_head_json":{"title":"Documents for download | Aquamarine Spa","robots":{"index":"index","follow":"follow","max-snippet":"max-snippet:-1","max-image-preview":"max-image-preview:large","max-video-preview":"max-video-preview:-1"},"canonical":"https:\/\/aquamarinespa.cz\/en\/documents-for-download\/","og_locale":"en_US","og_type":"article","og_title":"Documents for download | Aquamarine Spa","og_description":"Documents for download Get a sample set of documents for pools, saunas, hot tubs, or complete commercial and private wellness projects. After filling out the form, you will receive an email from us with a link to download the documents electronically. povinn\u00e9 \u00fadaje","og_url":"https:\/\/aquamarinespa.cz\/en\/documents-for-download\/","og_site_name":"Aquamarine Spa","article_publisher":"https:\/\/www.facebook.com\/aquamarinespacz\/","article_modified_time":"2024-11-04T14:24:04+00:00","twitter_card":"summary_large_image","twitter_misc":{"Est. reading time":"1 minute"},"schema":{"@context":"https:\/\/schema.org","@graph":[{"@type":"WebPage","@id":"https:\/\/aquamarinespa.cz\/en\/documents-for-download\/","url":"https:\/\/aquamarinespa.cz\/en\/documents-for-download\/","name":"Documents for download | Aquamarine Spa","isPartOf":{"@id":"https:\/\/aquamarinespa.cz\/en\/#website"},"datePublished":"2023-05-02T09:47:56+00:00","dateModified":"2024-11-04T14:24:04+00:00","breadcrumb":{"@id":"https:\/\/aquamarinespa.cz\/en\/documents-for-download\/#breadcrumb"},"inLanguage":"en-US","potentialAction":[{"@type":"ReadAction","target":["https:\/\/aquamarinespa.cz\/en\/documents-for-download\/"]}]},{"@type":"BreadcrumbList","@id":"https:\/\/aquamarinespa.cz\/en\/documents-for-download\/#breadcrumb","itemListElement":[{"@type":"ListItem","position":1,"name":"Home","item":"https:\/\/aquamarinespa.cz\/en\/"},{"@type":"ListItem","position":2,"name":"Sta\u017een\u00ed podklad\u016f"}]},{"@type":"WebSite","@id":"https:\/\/aquamarinespa.cz\/en\/#website","url":"https:\/\/aquamarinespa.cz\/en\/","name":"Aquamarine Spa","description":"Experience the feeling of perfection","publisher":{"@id":"https:\/\/aquamarinespa.cz\/en\/#organization"},"potentialAction":[{"@type":"SearchAction","target":{"@type":"EntryPoint","urlTemplate":"https:\/\/aquamarinespa.cz\/en\/?s={search_term_string}"},"query-input":{"@type":"PropertyValueSpecification","valueRequired":true,"valueName":"search_term_string"}}],"inLanguage":"en-US"},{"@type":"Organization","@id":"https:\/\/aquamarinespa.cz\/en\/#organization","name":"Aquamarine Spa","url":"https:\/\/aquamarinespa.cz\/en\/","logo":{"@type":"ImageObject","inLanguage":"en-US","@id":"https:\/\/aquamarinespa.cz\/en\/#\/schema\/logo\/image\/","url":"https:\/\/aquamarinespa.cz\/wp-content\/uploads\/2021\/10\/aquamarinespa-logo.jpg","contentUrl":"https:\/\/aquamarinespa.cz\/wp-content\/uploads\/2021\/10\/aquamarinespa-logo.jpg","width":1018,"height":499,"caption":"Aquamarine Spa"},"image":{"@id":"https:\/\/aquamarinespa.cz\/en\/#\/schema\/logo\/image\/"},"sameAs":["https:\/\/www.facebook.com\/aquamarinespacz\/","https:\/\/www.instagram.com\/aquamarinespacz\/","https:\/\/cz.pinterest.com\/aquamarinespa\/_created\/","https:\/\/www.youtube.com\/channel\/UCvQ2S0WBOTcT7OEAVfISYHg"]}]}},"_links":{"self":[{"href":"https:\/\/aquamarinespa.cz\/en\/wp-json\/wp\/v2\/pages\/8520","targetHints":{"allow":["GET"]}}],"collection":[{"href":"https:\/\/aquamarinespa.cz\/en\/wp-json\/wp\/v2\/pages"}],"about":[{"href":"https:\/\/aquamarinespa.cz\/en\/wp-json\/wp\/v2\/types\/page"}],"author":[{"embeddable":true,"href":"https:\/\/aquamarinespa.cz\/en\/wp-json\/wp\/v2\/users\/12"}],"replies":[{"embeddable":true,"href":"https:\/\/aquamarinespa.cz\/en\/wp-json\/wp\/v2\/comments?post=8520"}],"version-history":[{"count":5,"href":"https:\/\/aquamarinespa.cz\/en\/wp-json\/wp\/v2\/pages\/8520\/revisions"}],"predecessor-version":[{"id":8632,"href":"https:\/\/aquamarinespa.cz\/en\/wp-json\/wp\/v2\/pages\/8520\/revisions\/8632"}],"wp:attachment":[{"href":"https:\/\/aquamarinespa.cz\/en\/wp-json\/wp\/v2\/media?parent=8520"}],"curies":[{"name":"wp","href":"https:\/\/api.w.org\/{rel}","templated":true}]}}