{"id":9650,"date":"2023-06-15T13:49:05","date_gmt":"2023-06-15T13:49:05","guid":{"rendered":"https:\/\/aquamarinespa.cz\/?page_id=9650"},"modified":"2023-09-29T14:03:15","modified_gmt":"2023-09-29T14:03:15","slug":"dokumente-zum-download","status":"publish","type":"page","link":"https:\/\/aquamarinespa.cz\/de\/dokumente-zum-download\/","title":{"rendered":"Dokumente zum download"},"content":{"rendered":"<section class=\"section--catalogue section--light\">\n<div class=\"inner\">\n<h1 class=\"heading heading--bigger heading--center heading--black heading--underline\">Dokumente zum download<\/h1>\n<div class=\"row\">\n<div class=\"col-xs-12 col-sm-12 col-md-2 col-lg-2\"><\/div>\n<div class=\"col-xs-12 col-sm-12 col-md-8 col-lg-8\">\n<p class=\"catalogoue-strong paragraph paragraph--medium align-center margin-top--05x\">Holen Sie sich einen Mustersatz an Unterlagen f\u00fcr Pools, Saunen, Whirlpools oder komplette gewerbliche und private Wellness-Projekte.  <strong> Nachdem Sie das Formular ausgef\u00fcllt haben, erhalten Sie von uns eine E-Mail mit einem Link, \u00fcber den Sie die Unterlagen elektronisch herunterladen k\u00f6nnen. <\/strong><\/p>\n<\/p><\/div>\n<div class=\"col-xs-12 col-sm-12 col-md-2 col-lg-2\"><\/div><\/div>\n<div class=\"section--catalogue-form\">\n\t\t\t\t<span class=\"paragraph paragraph--medium section--catalogue-form-required-data input-required\">Pflichtfeld<\/span><br \/>\n\t\t\t\t<div class=\"boost-space-forms\" id=\"bsf-id-39\"><\/div><script src=\"https:\/\/aquamarinespa.boost.space\/api\/custom_form.js?id=39&integrity=ef4ee69d1bbd8b1aa2cb4c26429cd550&el=bsf-id-39&callback=boostSpaceFormsInit&csubmit=boostSpaceFormsSuccessSubmit&lang=de&v=0.4.9\" data-form=\"boost-space\"><\/script>\n\t\t\t<\/div><\/div>\n<p> <!-- .inner --><br \/>\n<\/section>\n<p> <!-- section products --><\/p>\n","protected":false},"excerpt":{"rendered":"Dokumente zum download Holen Sie sich einen Mustersatz an Unterlagen f\u00fcr Pools, Saunen, Whirlpools oder komplette gewerbliche und private Wellness-Projekte. Nachdem Sie das Formular ausgef\u00fcllt haben, erhalten Sie von uns eine E-Mail mit einem Link, \u00fcber den Sie die Unterlagen elektronisch herunterladen k\u00f6nnen. Pflichtfeld","protected":false},"author":12,"featured_media":0,"parent":0,"menu_order":0,"comment_status":"closed","ping_status":"closed","template":"","meta":{"_acf_changed":false,"footnotes":""},"class_list":["post-9650","page","type-page","status-publish","hentry"],"acf":[],"yoast_head":"<!-- This site is optimized with the Yoast SEO plugin v27.3 - https:\/\/yoast.com\/product\/yoast-seo-wordpress\/ -->\n<title>Dokumente zum download | Aquamarine Spa<\/title>\n<meta name=\"robots\" content=\"index, follow, max-snippet:-1, max-image-preview:large, max-video-preview:-1\" \/>\n<link rel=\"canonical\" href=\"https:\/\/aquamarinespa.cz\/de\/dokumente-zum-download\/\" \/>\n<meta property=\"og:locale\" content=\"de_DE\" \/>\n<meta property=\"og:type\" content=\"article\" \/>\n<meta property=\"og:title\" content=\"Dokumente zum download | Aquamarine Spa\" \/>\n<meta property=\"og:description\" content=\"Dokumente zum download Holen Sie sich einen Mustersatz an Unterlagen f\u00fcr Pools, Saunen, Whirlpools oder komplette gewerbliche und private Wellness-Projekte. Nachdem Sie das Formular ausgef\u00fcllt haben, erhalten Sie von uns eine E-Mail mit einem Link, \u00fcber den Sie die Unterlagen elektronisch herunterladen k\u00f6nnen. Pflichtfeld\" \/>\n<meta property=\"og:url\" content=\"https:\/\/aquamarinespa.cz\/de\/dokumente-zum-download\/\" \/>\n<meta property=\"og:site_name\" content=\"Aquamarine Spa\" \/>\n<meta property=\"article:publisher\" content=\"https:\/\/www.facebook.com\/aquamarinespacz\/\" \/>\n<meta property=\"article:modified_time\" content=\"2023-09-29T14:03:15+00:00\" \/>\n<meta name=\"twitter:card\" content=\"summary_large_image\" \/>\n<meta name=\"twitter:label1\" content=\"Gesch\u00e4tzte Lesezeit\" \/>\n\t<meta name=\"twitter:data1\" content=\"1\u00a0Minute\" \/>\n<script type=\"application\/ld+json\" class=\"yoast-schema-graph\">{\"@context\":\"https:\\\/\\\/schema.org\",\"@graph\":[{\"@type\":\"WebPage\",\"@id\":\"https:\\\/\\\/aquamarinespa.cz\\\/de\\\/dokumente-zum-download\\\/\",\"url\":\"https:\\\/\\\/aquamarinespa.cz\\\/de\\\/dokumente-zum-download\\\/\",\"name\":\"Dokumente zum download | Aquamarine Spa\",\"isPartOf\":{\"@id\":\"https:\\\/\\\/aquamarinespa.cz\\\/de\\\/#website\"},\"datePublished\":\"2023-06-15T13:49:05+00:00\",\"dateModified\":\"2023-09-29T14:03:15+00:00\",\"breadcrumb\":{\"@id\":\"https:\\\/\\\/aquamarinespa.cz\\\/de\\\/dokumente-zum-download\\\/#breadcrumb\"},\"inLanguage\":\"de\",\"potentialAction\":[{\"@type\":\"ReadAction\",\"target\":[\"https:\\\/\\\/aquamarinespa.cz\\\/de\\\/dokumente-zum-download\\\/\"]}]},{\"@type\":\"BreadcrumbList\",\"@id\":\"https:\\\/\\\/aquamarinespa.cz\\\/de\\\/dokumente-zum-download\\\/#breadcrumb\",\"itemListElement\":[{\"@type\":\"ListItem\",\"position\":1,\"name\":\"Home\",\"item\":\"https:\\\/\\\/aquamarinespa.cz\\\/de\\\/\"},{\"@type\":\"ListItem\",\"position\":2,\"name\":\"Dokumente zum download\"}]},{\"@type\":\"WebSite\",\"@id\":\"https:\\\/\\\/aquamarinespa.cz\\\/de\\\/#website\",\"url\":\"https:\\\/\\\/aquamarinespa.cz\\\/de\\\/\",\"name\":\"Aquamarine Spa\",\"description\":\"Experience the feeling of perfection\",\"publisher\":{\"@id\":\"https:\\\/\\\/aquamarinespa.cz\\\/de\\\/#organization\"},\"potentialAction\":[{\"@type\":\"SearchAction\",\"target\":{\"@type\":\"EntryPoint\",\"urlTemplate\":\"https:\\\/\\\/aquamarinespa.cz\\\/de\\\/?s={search_term_string}\"},\"query-input\":{\"@type\":\"PropertyValueSpecification\",\"valueRequired\":true,\"valueName\":\"search_term_string\"}}],\"inLanguage\":\"de\"},{\"@type\":\"Organization\",\"@id\":\"https:\\\/\\\/aquamarinespa.cz\\\/de\\\/#organization\",\"name\":\"Aquamarine Spa\",\"url\":\"https:\\\/\\\/aquamarinespa.cz\\\/de\\\/\",\"logo\":{\"@type\":\"ImageObject\",\"inLanguage\":\"de\",\"@id\":\"https:\\\/\\\/aquamarinespa.cz\\\/de\\\/#\\\/schema\\\/logo\\\/image\\\/\",\"url\":\"https:\\\/\\\/aquamarinespa.cz\\\/wp-content\\\/uploads\\\/2021\\\/10\\\/aquamarinespa-logo.jpg\",\"contentUrl\":\"https:\\\/\\\/aquamarinespa.cz\\\/wp-content\\\/uploads\\\/2021\\\/10\\\/aquamarinespa-logo.jpg\",\"width\":1018,\"height\":499,\"caption\":\"Aquamarine Spa\"},\"image\":{\"@id\":\"https:\\\/\\\/aquamarinespa.cz\\\/de\\\/#\\\/schema\\\/logo\\\/image\\\/\"},\"sameAs\":[\"https:\\\/\\\/www.facebook.com\\\/aquamarinespacz\\\/\",\"https:\\\/\\\/www.instagram.com\\\/aquamarinespacz\\\/\",\"https:\\\/\\\/cz.pinterest.com\\\/aquamarinespa\\\/_created\\\/\",\"https:\\\/\\\/www.youtube.com\\\/channel\\\/UCvQ2S0WBOTcT7OEAVfISYHg\"]}]}<\/script>\n<!-- \/ Yoast SEO plugin. -->","yoast_head_json":{"title":"Dokumente zum download | Aquamarine Spa","robots":{"index":"index","follow":"follow","max-snippet":"max-snippet:-1","max-image-preview":"max-image-preview:large","max-video-preview":"max-video-preview:-1"},"canonical":"https:\/\/aquamarinespa.cz\/de\/dokumente-zum-download\/","og_locale":"de_DE","og_type":"article","og_title":"Dokumente zum download | Aquamarine Spa","og_description":"Dokumente zum download Holen Sie sich einen Mustersatz an Unterlagen f\u00fcr Pools, Saunen, Whirlpools oder komplette gewerbliche und private Wellness-Projekte. Nachdem Sie das Formular ausgef\u00fcllt haben, erhalten Sie von uns eine E-Mail mit einem Link, \u00fcber den Sie die Unterlagen elektronisch herunterladen k\u00f6nnen. Pflichtfeld","og_url":"https:\/\/aquamarinespa.cz\/de\/dokumente-zum-download\/","og_site_name":"Aquamarine Spa","article_publisher":"https:\/\/www.facebook.com\/aquamarinespacz\/","article_modified_time":"2023-09-29T14:03:15+00:00","twitter_card":"summary_large_image","twitter_misc":{"Gesch\u00e4tzte Lesezeit":"1\u00a0Minute"},"schema":{"@context":"https:\/\/schema.org","@graph":[{"@type":"WebPage","@id":"https:\/\/aquamarinespa.cz\/de\/dokumente-zum-download\/","url":"https:\/\/aquamarinespa.cz\/de\/dokumente-zum-download\/","name":"Dokumente zum download | Aquamarine Spa","isPartOf":{"@id":"https:\/\/aquamarinespa.cz\/de\/#website"},"datePublished":"2023-06-15T13:49:05+00:00","dateModified":"2023-09-29T14:03:15+00:00","breadcrumb":{"@id":"https:\/\/aquamarinespa.cz\/de\/dokumente-zum-download\/#breadcrumb"},"inLanguage":"de","potentialAction":[{"@type":"ReadAction","target":["https:\/\/aquamarinespa.cz\/de\/dokumente-zum-download\/"]}]},{"@type":"BreadcrumbList","@id":"https:\/\/aquamarinespa.cz\/de\/dokumente-zum-download\/#breadcrumb","itemListElement":[{"@type":"ListItem","position":1,"name":"Home","item":"https:\/\/aquamarinespa.cz\/de\/"},{"@type":"ListItem","position":2,"name":"Dokumente zum download"}]},{"@type":"WebSite","@id":"https:\/\/aquamarinespa.cz\/de\/#website","url":"https:\/\/aquamarinespa.cz\/de\/","name":"Aquamarine Spa","description":"Experience the feeling of perfection","publisher":{"@id":"https:\/\/aquamarinespa.cz\/de\/#organization"},"potentialAction":[{"@type":"SearchAction","target":{"@type":"EntryPoint","urlTemplate":"https:\/\/aquamarinespa.cz\/de\/?s={search_term_string}"},"query-input":{"@type":"PropertyValueSpecification","valueRequired":true,"valueName":"search_term_string"}}],"inLanguage":"de"},{"@type":"Organization","@id":"https:\/\/aquamarinespa.cz\/de\/#organization","name":"Aquamarine Spa","url":"https:\/\/aquamarinespa.cz\/de\/","logo":{"@type":"ImageObject","inLanguage":"de","@id":"https:\/\/aquamarinespa.cz\/de\/#\/schema\/logo\/image\/","url":"https:\/\/aquamarinespa.cz\/wp-content\/uploads\/2021\/10\/aquamarinespa-logo.jpg","contentUrl":"https:\/\/aquamarinespa.cz\/wp-content\/uploads\/2021\/10\/aquamarinespa-logo.jpg","width":1018,"height":499,"caption":"Aquamarine Spa"},"image":{"@id":"https:\/\/aquamarinespa.cz\/de\/#\/schema\/logo\/image\/"},"sameAs":["https:\/\/www.facebook.com\/aquamarinespacz\/","https:\/\/www.instagram.com\/aquamarinespacz\/","https:\/\/cz.pinterest.com\/aquamarinespa\/_created\/","https:\/\/www.youtube.com\/channel\/UCvQ2S0WBOTcT7OEAVfISYHg"]}]}},"_links":{"self":[{"href":"https:\/\/aquamarinespa.cz\/de\/wp-json\/wp\/v2\/pages\/9650","targetHints":{"allow":["GET"]}}],"collection":[{"href":"https:\/\/aquamarinespa.cz\/de\/wp-json\/wp\/v2\/pages"}],"about":[{"href":"https:\/\/aquamarinespa.cz\/de\/wp-json\/wp\/v2\/types\/page"}],"author":[{"embeddable":true,"href":"https:\/\/aquamarinespa.cz\/de\/wp-json\/wp\/v2\/users\/12"}],"replies":[{"embeddable":true,"href":"https:\/\/aquamarinespa.cz\/de\/wp-json\/wp\/v2\/comments?post=9650"}],"version-history":[{"count":8,"href":"https:\/\/aquamarinespa.cz\/de\/wp-json\/wp\/v2\/pages\/9650\/revisions"}],"predecessor-version":[{"id":9739,"href":"https:\/\/aquamarinespa.cz\/de\/wp-json\/wp\/v2\/pages\/9650\/revisions\/9739"}],"wp:attachment":[{"href":"https:\/\/aquamarinespa.cz\/de\/wp-json\/wp\/v2\/media?parent=9650"}],"curies":[{"name":"wp","href":"https:\/\/api.w.org\/{rel}","templated":true}]}}