{"id":5733,"date":"2023-06-07T19:34:41","date_gmt":"2023-06-07T19:34:41","guid":{"rendered":"https:\/\/aquamarine.boost.codes\/?page_id=5733"},"modified":"2023-08-15T12:48:03","modified_gmt":"2023-08-15T12:48:03","slug":"ein-detailliertes-preisangebot-anfordern","status":"publish","type":"page","link":"https:\/\/aquamarinespa.cz\/de\/ein-detailliertes-preisangebot-anfordern\/","title":{"rendered":"Ein detailliertes Preisangebot anfordern"},"content":{"rendered":"<section class=\"section--catalogue section--light\">\n<div class=\"inner\">\n<h1 class=\"heading heading--bigger heading--center heading--black heading--underline\">Ein detailliertes Preisangebot anfordern<\/h1>\n<div class=\"row\">\n<div class=\"col-xs-12 col-sm-12 col-md-2 col-lg-2\"><\/div>\n<div class=\"col-xs-12 col-sm-12 col-md-8 col-lg-8\">\n<p class=\"paragraph paragraph--medium align-center margin-top--05x\"><strong> Nach dem Ausf\u00fcllen des Formulars senden wir Ihnen umgehend ein PDF mit den Richtpreisen<br \/>\nunserer Produkte zu.<\/strong>  <\/p>\n<p class=\"paragraph paragraph--medium align-center margin-top--05x\">Um f\u00fcr Sie ein genaues Preisangebot erstellen zu k\u00f6nnen, beschreiben Sie bitte m\u00f6glichst detailliert die Spezifikation Ihres Projektes. F\u00fcr den Fall, dass wir von Ihnen n\u00e4here Informationen brauchen, f\u00fcllen Sie bitte auch das Feld Telefon oder E-Mail aus.<\/p>\n<\/p><\/div>\n<div class=\"col-xs-12 col-sm-12 col-md-2 col-lg-2\"><\/div><\/div>\n<div class=\"section--catalogue-form\">\n\t\t\t\t<span class=\"paragraph paragraph--medium section--catalogue-form-required-data input-required\">Pflichtfeld<\/span><br \/>\n\t\t\t\t<div class=\"boost-space-forms\" id=\"bsf-id-38\"><\/div><script src=\"https:\/\/aquamarinespa.boost.space\/api\/custom_form.js?id=38&integrity=a45e57315511b37350090fdfd032c128&el=bsf-id-38&callback=boostSpaceFormsInit&csubmit=boostSpaceFormsSuccessSubmit&lang=de&v=0.4.9\" data-form=\"boost-space\"><\/script><\/p><\/div><\/div>\n<p> <!-- .inner --><br \/>\n<\/section>\n<p> <!-- section products --><\/p>\n","protected":false},"excerpt":{"rendered":"Ein detailliertes Preisangebot anfordern Nach dem Ausf\u00fcllen des Formulars senden wir Ihnen umgehend ein PDF mit den Richtpreisen unserer Produkte zu. Um f\u00fcr Sie ein genaues Preisangebot erstellen zu k\u00f6nnen, beschreiben Sie bitte m\u00f6glichst detailliert die Spezifikation Ihres Projektes. F\u00fcr den Fall, dass wir von Ihnen n\u00e4here Informationen brauchen, f\u00fcllen Sie bitte auch das Feld [&hellip;]","protected":false},"author":1,"featured_media":0,"parent":0,"menu_order":0,"comment_status":"closed","ping_status":"closed","template":"","meta":{"_acf_changed":false,"footnotes":""},"class_list":["post-5733","page","type-page","status-publish","hentry"],"acf":[],"yoast_head":"<!-- This site is optimized with the Yoast SEO plugin v27.3 - https:\/\/yoast.com\/product\/yoast-seo-wordpress\/ -->\n<title>Ein detailliertes Preisangebot anfordern | Aquamarine Spa<\/title>\n<meta name=\"robots\" content=\"index, follow, max-snippet:-1, max-image-preview:large, max-video-preview:-1\" \/>\n<link rel=\"canonical\" href=\"https:\/\/aquamarinespa.cz\/de\/ein-detailliertes-preisangebot-anfordern\/\" \/>\n<meta property=\"og:locale\" content=\"de_DE\" \/>\n<meta property=\"og:type\" content=\"article\" \/>\n<meta property=\"og:title\" content=\"Ein detailliertes Preisangebot anfordern | Aquamarine Spa\" \/>\n<meta property=\"og:description\" content=\"Ein detailliertes Preisangebot anfordern Nach dem Ausf\u00fcllen des Formulars senden wir Ihnen umgehend ein PDF mit den Richtpreisen unserer Produkte zu. Um f\u00fcr Sie ein genaues Preisangebot erstellen zu k\u00f6nnen, beschreiben Sie bitte m\u00f6glichst detailliert die Spezifikation Ihres Projektes. F\u00fcr den Fall, dass wir von Ihnen n\u00e4here Informationen brauchen, f\u00fcllen Sie bitte auch das Feld [&hellip;]\" \/>\n<meta property=\"og:url\" content=\"https:\/\/aquamarinespa.cz\/de\/ein-detailliertes-preisangebot-anfordern\/\" \/>\n<meta property=\"og:site_name\" content=\"Aquamarine Spa\" \/>\n<meta property=\"article:publisher\" content=\"https:\/\/www.facebook.com\/aquamarinespacz\/\" \/>\n<meta property=\"article:modified_time\" content=\"2023-08-15T12:48:03+00:00\" \/>\n<meta name=\"twitter:card\" content=\"summary_large_image\" \/>\n<meta name=\"twitter:label1\" content=\"Gesch\u00e4tzte Lesezeit\" \/>\n\t<meta name=\"twitter:data1\" content=\"1\u00a0Minute\" \/>\n<script type=\"application\/ld+json\" class=\"yoast-schema-graph\">{\"@context\":\"https:\\\/\\\/schema.org\",\"@graph\":[{\"@type\":\"WebPage\",\"@id\":\"https:\\\/\\\/aquamarinespa.cz\\\/de\\\/ein-detailliertes-preisangebot-anfordern\\\/\",\"url\":\"https:\\\/\\\/aquamarinespa.cz\\\/de\\\/ein-detailliertes-preisangebot-anfordern\\\/\",\"name\":\"Ein detailliertes Preisangebot anfordern | Aquamarine Spa\",\"isPartOf\":{\"@id\":\"https:\\\/\\\/aquamarinespa.cz\\\/de\\\/#website\"},\"datePublished\":\"2023-06-07T19:34:41+00:00\",\"dateModified\":\"2023-08-15T12:48:03+00:00\",\"breadcrumb\":{\"@id\":\"https:\\\/\\\/aquamarinespa.cz\\\/de\\\/ein-detailliertes-preisangebot-anfordern\\\/#breadcrumb\"},\"inLanguage\":\"de\",\"potentialAction\":[{\"@type\":\"ReadAction\",\"target\":[\"https:\\\/\\\/aquamarinespa.cz\\\/de\\\/ein-detailliertes-preisangebot-anfordern\\\/\"]}]},{\"@type\":\"BreadcrumbList\",\"@id\":\"https:\\\/\\\/aquamarinespa.cz\\\/de\\\/ein-detailliertes-preisangebot-anfordern\\\/#breadcrumb\",\"itemListElement\":[{\"@type\":\"ListItem\",\"position\":1,\"name\":\"Home\",\"item\":\"https:\\\/\\\/aquamarinespa.cz\\\/de\\\/\"},{\"@type\":\"ListItem\",\"position\":2,\"name\":\"Ein detailliertes Preisangebot anfordern\"}]},{\"@type\":\"WebSite\",\"@id\":\"https:\\\/\\\/aquamarinespa.cz\\\/de\\\/#website\",\"url\":\"https:\\\/\\\/aquamarinespa.cz\\\/de\\\/\",\"name\":\"Aquamarine Spa\",\"description\":\"Experience the feeling of perfection\",\"publisher\":{\"@id\":\"https:\\\/\\\/aquamarinespa.cz\\\/de\\\/#organization\"},\"potentialAction\":[{\"@type\":\"SearchAction\",\"target\":{\"@type\":\"EntryPoint\",\"urlTemplate\":\"https:\\\/\\\/aquamarinespa.cz\\\/de\\\/?s={search_term_string}\"},\"query-input\":{\"@type\":\"PropertyValueSpecification\",\"valueRequired\":true,\"valueName\":\"search_term_string\"}}],\"inLanguage\":\"de\"},{\"@type\":\"Organization\",\"@id\":\"https:\\\/\\\/aquamarinespa.cz\\\/de\\\/#organization\",\"name\":\"Aquamarine Spa\",\"url\":\"https:\\\/\\\/aquamarinespa.cz\\\/de\\\/\",\"logo\":{\"@type\":\"ImageObject\",\"inLanguage\":\"de\",\"@id\":\"https:\\\/\\\/aquamarinespa.cz\\\/de\\\/#\\\/schema\\\/logo\\\/image\\\/\",\"url\":\"https:\\\/\\\/aquamarinespa.cz\\\/wp-content\\\/uploads\\\/2021\\\/10\\\/aquamarinespa-logo.jpg\",\"contentUrl\":\"https:\\\/\\\/aquamarinespa.cz\\\/wp-content\\\/uploads\\\/2021\\\/10\\\/aquamarinespa-logo.jpg\",\"width\":1018,\"height\":499,\"caption\":\"Aquamarine Spa\"},\"image\":{\"@id\":\"https:\\\/\\\/aquamarinespa.cz\\\/de\\\/#\\\/schema\\\/logo\\\/image\\\/\"},\"sameAs\":[\"https:\\\/\\\/www.facebook.com\\\/aquamarinespacz\\\/\",\"https:\\\/\\\/www.instagram.com\\\/aquamarinespacz\\\/\",\"https:\\\/\\\/cz.pinterest.com\\\/aquamarinespa\\\/_created\\\/\",\"https:\\\/\\\/www.youtube.com\\\/channel\\\/UCvQ2S0WBOTcT7OEAVfISYHg\"]}]}<\/script>\n<!-- \/ Yoast SEO plugin. -->","yoast_head_json":{"title":"Ein detailliertes Preisangebot anfordern | Aquamarine Spa","robots":{"index":"index","follow":"follow","max-snippet":"max-snippet:-1","max-image-preview":"max-image-preview:large","max-video-preview":"max-video-preview:-1"},"canonical":"https:\/\/aquamarinespa.cz\/de\/ein-detailliertes-preisangebot-anfordern\/","og_locale":"de_DE","og_type":"article","og_title":"Ein detailliertes Preisangebot anfordern | Aquamarine Spa","og_description":"Ein detailliertes Preisangebot anfordern Nach dem Ausf\u00fcllen des Formulars senden wir Ihnen umgehend ein PDF mit den Richtpreisen unserer Produkte zu. Um f\u00fcr Sie ein genaues Preisangebot erstellen zu k\u00f6nnen, beschreiben Sie bitte m\u00f6glichst detailliert die Spezifikation Ihres Projektes. F\u00fcr den Fall, dass wir von Ihnen n\u00e4here Informationen brauchen, f\u00fcllen Sie bitte auch das Feld [&hellip;]","og_url":"https:\/\/aquamarinespa.cz\/de\/ein-detailliertes-preisangebot-anfordern\/","og_site_name":"Aquamarine Spa","article_publisher":"https:\/\/www.facebook.com\/aquamarinespacz\/","article_modified_time":"2023-08-15T12:48:03+00:00","twitter_card":"summary_large_image","twitter_misc":{"Gesch\u00e4tzte Lesezeit":"1\u00a0Minute"},"schema":{"@context":"https:\/\/schema.org","@graph":[{"@type":"WebPage","@id":"https:\/\/aquamarinespa.cz\/de\/ein-detailliertes-preisangebot-anfordern\/","url":"https:\/\/aquamarinespa.cz\/de\/ein-detailliertes-preisangebot-anfordern\/","name":"Ein detailliertes Preisangebot anfordern | Aquamarine Spa","isPartOf":{"@id":"https:\/\/aquamarinespa.cz\/de\/#website"},"datePublished":"2023-06-07T19:34:41+00:00","dateModified":"2023-08-15T12:48:03+00:00","breadcrumb":{"@id":"https:\/\/aquamarinespa.cz\/de\/ein-detailliertes-preisangebot-anfordern\/#breadcrumb"},"inLanguage":"de","potentialAction":[{"@type":"ReadAction","target":["https:\/\/aquamarinespa.cz\/de\/ein-detailliertes-preisangebot-anfordern\/"]}]},{"@type":"BreadcrumbList","@id":"https:\/\/aquamarinespa.cz\/de\/ein-detailliertes-preisangebot-anfordern\/#breadcrumb","itemListElement":[{"@type":"ListItem","position":1,"name":"Home","item":"https:\/\/aquamarinespa.cz\/de\/"},{"@type":"ListItem","position":2,"name":"Ein detailliertes Preisangebot anfordern"}]},{"@type":"WebSite","@id":"https:\/\/aquamarinespa.cz\/de\/#website","url":"https:\/\/aquamarinespa.cz\/de\/","name":"Aquamarine Spa","description":"Experience the feeling of perfection","publisher":{"@id":"https:\/\/aquamarinespa.cz\/de\/#organization"},"potentialAction":[{"@type":"SearchAction","target":{"@type":"EntryPoint","urlTemplate":"https:\/\/aquamarinespa.cz\/de\/?s={search_term_string}"},"query-input":{"@type":"PropertyValueSpecification","valueRequired":true,"valueName":"search_term_string"}}],"inLanguage":"de"},{"@type":"Organization","@id":"https:\/\/aquamarinespa.cz\/de\/#organization","name":"Aquamarine Spa","url":"https:\/\/aquamarinespa.cz\/de\/","logo":{"@type":"ImageObject","inLanguage":"de","@id":"https:\/\/aquamarinespa.cz\/de\/#\/schema\/logo\/image\/","url":"https:\/\/aquamarinespa.cz\/wp-content\/uploads\/2021\/10\/aquamarinespa-logo.jpg","contentUrl":"https:\/\/aquamarinespa.cz\/wp-content\/uploads\/2021\/10\/aquamarinespa-logo.jpg","width":1018,"height":499,"caption":"Aquamarine Spa"},"image":{"@id":"https:\/\/aquamarinespa.cz\/de\/#\/schema\/logo\/image\/"},"sameAs":["https:\/\/www.facebook.com\/aquamarinespacz\/","https:\/\/www.instagram.com\/aquamarinespacz\/","https:\/\/cz.pinterest.com\/aquamarinespa\/_created\/","https:\/\/www.youtube.com\/channel\/UCvQ2S0WBOTcT7OEAVfISYHg"]}]}},"_links":{"self":[{"href":"https:\/\/aquamarinespa.cz\/de\/wp-json\/wp\/v2\/pages\/5733","targetHints":{"allow":["GET"]}}],"collection":[{"href":"https:\/\/aquamarinespa.cz\/de\/wp-json\/wp\/v2\/pages"}],"about":[{"href":"https:\/\/aquamarinespa.cz\/de\/wp-json\/wp\/v2\/types\/page"}],"author":[{"embeddable":true,"href":"https:\/\/aquamarinespa.cz\/de\/wp-json\/wp\/v2\/users\/1"}],"replies":[{"embeddable":true,"href":"https:\/\/aquamarinespa.cz\/de\/wp-json\/wp\/v2\/comments?post=5733"}],"version-history":[{"count":9,"href":"https:\/\/aquamarinespa.cz\/de\/wp-json\/wp\/v2\/pages\/5733\/revisions"}],"predecessor-version":[{"id":9794,"href":"https:\/\/aquamarinespa.cz\/de\/wp-json\/wp\/v2\/pages\/5733\/revisions\/9794"}],"wp:attachment":[{"href":"https:\/\/aquamarinespa.cz\/de\/wp-json\/wp\/v2\/media?parent=5733"}],"curies":[{"name":"wp","href":"https:\/\/api.w.org\/{rel}","templated":true}]}}