{"id":3368,"date":"2020-08-19T12:43:11","date_gmt":"2020-08-19T12:43:11","guid":{"rendered":"https:\/\/imaginox.boost.codes\/termin-vereinbaren\/"},"modified":"2023-08-04T11:38:47","modified_gmt":"2023-08-04T11:38:47","slug":"termin-vereinbaren","status":"publish","type":"page","link":"https:\/\/aquamarinespa.cz\/de\/termin-vereinbaren\/","title":{"rendered":"Termin Vereinbaren"},"content":{"rendered":"<section class=\"section--catalogue section--light\">\n<div class=\"inner\">\n<h1 class=\"heading heading--bigger heading--center heading--black heading--underline\">Treffen vereinbaren<\/h1>\n<div class=\"row\">\n<div class=\"col-xs-12 col-sm-12 col-md-2 col-lg-2\"><\/div>\n<div class=\"col-xs-12 col-sm-12 col-md-8 col-lg-8\">\n<p class=\"paragraph paragraph--medium align-center margin-top--05x\">M\u00f6chten Sie ein pers\u00f6nliches oder ein Online-Treffen vereinbaren? F\u00fcllen Sie bitte das Formular aus, wobei wir Ihnen so bald wie m\u00f6glich antworten. Sie k\u00f6nnen uns auch ihre Telefonnummer hinterlassen, unter der wir uns bei Ihnen zur\u00fcckmelden.<\/p>\n<\/div>\n<div class=\"col-xs-12 col-sm-12 col-md-2 col-lg-2\"><\/div>\n<\/div>\n<div class=\"section--catalogue-form section--queries-form\"><span class=\"paragraph paragraph--medium section--catalogue-form-required-data input-required\">Pflichtfeld<\/span><br \/>\n <div class=\"boost-space-forms\" id=\"bsf-id-36\"><\/div><script src=\"https:\/\/aquamarinespa.boost.space\/api\/custom_form.js?id=36&integrity=781df39cfd40a31e05a8a7ea6304af21&el=bsf-id-36&callback=boostSpaceFormsInit&csubmit=boostSpaceFormsSuccessSubmit&lang=de&v=0.4.9\" data-form=\"boost-space\"><\/script>\n<\/div>\n<\/div>\n<p><!-- .inner --><br \/>\n<\/section>\n<p><!-- section products --><\/p>\n","protected":false},"excerpt":{"rendered":"Treffen vereinbaren M\u00f6chten Sie ein pers\u00f6nliches oder ein Online-Treffen vereinbaren? F\u00fcllen Sie bitte das Formular aus, wobei wir Ihnen so bald wie m\u00f6glich antworten. Sie k\u00f6nnen uns auch ihre Telefonnummer hinterlassen, unter der wir uns bei Ihnen zur\u00fcckmelden. Pflichtfeld","protected":false},"author":1,"featured_media":0,"parent":0,"menu_order":0,"comment_status":"closed","ping_status":"closed","template":"","meta":{"_acf_changed":false,"footnotes":""},"class_list":["post-3368","page","type-page","status-publish","hentry"],"acf":[],"yoast_head":"<!-- This site is optimized with the Yoast SEO plugin v27.3 - https:\/\/yoast.com\/product\/yoast-seo-wordpress\/ -->\n<title>Termin Vereinbaren | Aquamarine Spa<\/title>\n<meta name=\"robots\" content=\"index, follow, max-snippet:-1, max-image-preview:large, max-video-preview:-1\" \/>\n<link rel=\"canonical\" href=\"https:\/\/aquamarinespa.cz\/de\/termin-vereinbaren\/\" \/>\n<meta property=\"og:locale\" content=\"de_DE\" \/>\n<meta property=\"og:type\" content=\"article\" \/>\n<meta property=\"og:title\" content=\"Termin Vereinbaren | Aquamarine Spa\" \/>\n<meta property=\"og:description\" content=\"Treffen vereinbaren M\u00f6chten Sie ein pers\u00f6nliches oder ein Online-Treffen vereinbaren? F\u00fcllen Sie bitte das Formular aus, wobei wir Ihnen so bald wie m\u00f6glich antworten. Sie k\u00f6nnen uns auch ihre Telefonnummer hinterlassen, unter der wir uns bei Ihnen zur\u00fcckmelden. Pflichtfeld\" \/>\n<meta property=\"og:url\" content=\"https:\/\/aquamarinespa.cz\/de\/termin-vereinbaren\/\" \/>\n<meta property=\"og:site_name\" content=\"Aquamarine Spa\" \/>\n<meta property=\"article:publisher\" content=\"https:\/\/www.facebook.com\/aquamarinespacz\/\" \/>\n<meta property=\"article:modified_time\" content=\"2023-08-04T11:38:47+00:00\" \/>\n<meta name=\"twitter:card\" content=\"summary_large_image\" \/>\n<meta name=\"twitter:label1\" content=\"Gesch\u00e4tzte Lesezeit\" \/>\n\t<meta name=\"twitter:data1\" content=\"1\u00a0Minute\" \/>\n<script type=\"application\/ld+json\" class=\"yoast-schema-graph\">{\"@context\":\"https:\\\/\\\/schema.org\",\"@graph\":[{\"@type\":\"WebPage\",\"@id\":\"https:\\\/\\\/aquamarinespa.cz\\\/de\\\/termin-vereinbaren\\\/\",\"url\":\"https:\\\/\\\/aquamarinespa.cz\\\/de\\\/termin-vereinbaren\\\/\",\"name\":\"Termin Vereinbaren | Aquamarine Spa\",\"isPartOf\":{\"@id\":\"https:\\\/\\\/aquamarinespa.cz\\\/de\\\/#website\"},\"datePublished\":\"2020-08-19T12:43:11+00:00\",\"dateModified\":\"2023-08-04T11:38:47+00:00\",\"breadcrumb\":{\"@id\":\"https:\\\/\\\/aquamarinespa.cz\\\/de\\\/termin-vereinbaren\\\/#breadcrumb\"},\"inLanguage\":\"de\",\"potentialAction\":[{\"@type\":\"ReadAction\",\"target\":[\"https:\\\/\\\/aquamarinespa.cz\\\/de\\\/termin-vereinbaren\\\/\"]}]},{\"@type\":\"BreadcrumbList\",\"@id\":\"https:\\\/\\\/aquamarinespa.cz\\\/de\\\/termin-vereinbaren\\\/#breadcrumb\",\"itemListElement\":[{\"@type\":\"ListItem\",\"position\":1,\"name\":\"Home\",\"item\":\"https:\\\/\\\/aquamarinespa.cz\\\/de\\\/\"},{\"@type\":\"ListItem\",\"position\":2,\"name\":\"Termin Vereinbaren\"}]},{\"@type\":\"WebSite\",\"@id\":\"https:\\\/\\\/aquamarinespa.cz\\\/de\\\/#website\",\"url\":\"https:\\\/\\\/aquamarinespa.cz\\\/de\\\/\",\"name\":\"Aquamarine Spa\",\"description\":\"Experience the feeling of perfection\",\"publisher\":{\"@id\":\"https:\\\/\\\/aquamarinespa.cz\\\/de\\\/#organization\"},\"potentialAction\":[{\"@type\":\"SearchAction\",\"target\":{\"@type\":\"EntryPoint\",\"urlTemplate\":\"https:\\\/\\\/aquamarinespa.cz\\\/de\\\/?s={search_term_string}\"},\"query-input\":{\"@type\":\"PropertyValueSpecification\",\"valueRequired\":true,\"valueName\":\"search_term_string\"}}],\"inLanguage\":\"de\"},{\"@type\":\"Organization\",\"@id\":\"https:\\\/\\\/aquamarinespa.cz\\\/de\\\/#organization\",\"name\":\"Aquamarine Spa\",\"url\":\"https:\\\/\\\/aquamarinespa.cz\\\/de\\\/\",\"logo\":{\"@type\":\"ImageObject\",\"inLanguage\":\"de\",\"@id\":\"https:\\\/\\\/aquamarinespa.cz\\\/de\\\/#\\\/schema\\\/logo\\\/image\\\/\",\"url\":\"https:\\\/\\\/aquamarinespa.cz\\\/wp-content\\\/uploads\\\/2021\\\/10\\\/aquamarinespa-logo.jpg\",\"contentUrl\":\"https:\\\/\\\/aquamarinespa.cz\\\/wp-content\\\/uploads\\\/2021\\\/10\\\/aquamarinespa-logo.jpg\",\"width\":1018,\"height\":499,\"caption\":\"Aquamarine Spa\"},\"image\":{\"@id\":\"https:\\\/\\\/aquamarinespa.cz\\\/de\\\/#\\\/schema\\\/logo\\\/image\\\/\"},\"sameAs\":[\"https:\\\/\\\/www.facebook.com\\\/aquamarinespacz\\\/\",\"https:\\\/\\\/www.instagram.com\\\/aquamarinespacz\\\/\",\"https:\\\/\\\/cz.pinterest.com\\\/aquamarinespa\\\/_created\\\/\",\"https:\\\/\\\/www.youtube.com\\\/channel\\\/UCvQ2S0WBOTcT7OEAVfISYHg\"]}]}<\/script>\n<!-- \/ Yoast SEO plugin. -->","yoast_head_json":{"title":"Termin Vereinbaren | Aquamarine Spa","robots":{"index":"index","follow":"follow","max-snippet":"max-snippet:-1","max-image-preview":"max-image-preview:large","max-video-preview":"max-video-preview:-1"},"canonical":"https:\/\/aquamarinespa.cz\/de\/termin-vereinbaren\/","og_locale":"de_DE","og_type":"article","og_title":"Termin Vereinbaren | Aquamarine Spa","og_description":"Treffen vereinbaren M\u00f6chten Sie ein pers\u00f6nliches oder ein Online-Treffen vereinbaren? F\u00fcllen Sie bitte das Formular aus, wobei wir Ihnen so bald wie m\u00f6glich antworten. Sie k\u00f6nnen uns auch ihre Telefonnummer hinterlassen, unter der wir uns bei Ihnen zur\u00fcckmelden. Pflichtfeld","og_url":"https:\/\/aquamarinespa.cz\/de\/termin-vereinbaren\/","og_site_name":"Aquamarine Spa","article_publisher":"https:\/\/www.facebook.com\/aquamarinespacz\/","article_modified_time":"2023-08-04T11:38:47+00:00","twitter_card":"summary_large_image","twitter_misc":{"Gesch\u00e4tzte Lesezeit":"1\u00a0Minute"},"schema":{"@context":"https:\/\/schema.org","@graph":[{"@type":"WebPage","@id":"https:\/\/aquamarinespa.cz\/de\/termin-vereinbaren\/","url":"https:\/\/aquamarinespa.cz\/de\/termin-vereinbaren\/","name":"Termin Vereinbaren | Aquamarine Spa","isPartOf":{"@id":"https:\/\/aquamarinespa.cz\/de\/#website"},"datePublished":"2020-08-19T12:43:11+00:00","dateModified":"2023-08-04T11:38:47+00:00","breadcrumb":{"@id":"https:\/\/aquamarinespa.cz\/de\/termin-vereinbaren\/#breadcrumb"},"inLanguage":"de","potentialAction":[{"@type":"ReadAction","target":["https:\/\/aquamarinespa.cz\/de\/termin-vereinbaren\/"]}]},{"@type":"BreadcrumbList","@id":"https:\/\/aquamarinespa.cz\/de\/termin-vereinbaren\/#breadcrumb","itemListElement":[{"@type":"ListItem","position":1,"name":"Home","item":"https:\/\/aquamarinespa.cz\/de\/"},{"@type":"ListItem","position":2,"name":"Termin Vereinbaren"}]},{"@type":"WebSite","@id":"https:\/\/aquamarinespa.cz\/de\/#website","url":"https:\/\/aquamarinespa.cz\/de\/","name":"Aquamarine Spa","description":"Experience the feeling of perfection","publisher":{"@id":"https:\/\/aquamarinespa.cz\/de\/#organization"},"potentialAction":[{"@type":"SearchAction","target":{"@type":"EntryPoint","urlTemplate":"https:\/\/aquamarinespa.cz\/de\/?s={search_term_string}"},"query-input":{"@type":"PropertyValueSpecification","valueRequired":true,"valueName":"search_term_string"}}],"inLanguage":"de"},{"@type":"Organization","@id":"https:\/\/aquamarinespa.cz\/de\/#organization","name":"Aquamarine Spa","url":"https:\/\/aquamarinespa.cz\/de\/","logo":{"@type":"ImageObject","inLanguage":"de","@id":"https:\/\/aquamarinespa.cz\/de\/#\/schema\/logo\/image\/","url":"https:\/\/aquamarinespa.cz\/wp-content\/uploads\/2021\/10\/aquamarinespa-logo.jpg","contentUrl":"https:\/\/aquamarinespa.cz\/wp-content\/uploads\/2021\/10\/aquamarinespa-logo.jpg","width":1018,"height":499,"caption":"Aquamarine Spa"},"image":{"@id":"https:\/\/aquamarinespa.cz\/de\/#\/schema\/logo\/image\/"},"sameAs":["https:\/\/www.facebook.com\/aquamarinespacz\/","https:\/\/www.instagram.com\/aquamarinespacz\/","https:\/\/cz.pinterest.com\/aquamarinespa\/_created\/","https:\/\/www.youtube.com\/channel\/UCvQ2S0WBOTcT7OEAVfISYHg"]}]}},"_links":{"self":[{"href":"https:\/\/aquamarinespa.cz\/de\/wp-json\/wp\/v2\/pages\/3368","targetHints":{"allow":["GET"]}}],"collection":[{"href":"https:\/\/aquamarinespa.cz\/de\/wp-json\/wp\/v2\/pages"}],"about":[{"href":"https:\/\/aquamarinespa.cz\/de\/wp-json\/wp\/v2\/types\/page"}],"author":[{"embeddable":true,"href":"https:\/\/aquamarinespa.cz\/de\/wp-json\/wp\/v2\/users\/1"}],"replies":[{"embeddable":true,"href":"https:\/\/aquamarinespa.cz\/de\/wp-json\/wp\/v2\/comments?post=3368"}],"version-history":[{"count":4,"href":"https:\/\/aquamarinespa.cz\/de\/wp-json\/wp\/v2\/pages\/3368\/revisions"}],"predecessor-version":[{"id":9787,"href":"https:\/\/aquamarinespa.cz\/de\/wp-json\/wp\/v2\/pages\/3368\/revisions\/9787"}],"wp:attachment":[{"href":"https:\/\/aquamarinespa.cz\/de\/wp-json\/wp\/v2\/media?parent=3368"}],"curies":[{"name":"wp","href":"https:\/\/api.w.org\/{rel}","templated":true}]}}